{"id":123,"date":"2019-07-04T13:06:06","date_gmt":"2019-07-04T11:06:06","guid":{"rendered":"http:\/\/mikroregion.chlumuvlasimi.cz\/?page_id=123"},"modified":"2023-02-18T10:31:07","modified_gmt":"2023-02-18T09:31:07","slug":"chlum","status":"publish","type":"page","link":"https:\/\/ceskysmaragd.cz\/?page_id=123","title":{"rendered":"Chlum"},"content":{"rendered":"<p><strong>WEB<\/strong>: <a href=\"http:\/\/www.chlumuvlasimi.cz\">www.chlumuvlasimi.cz<\/a><\/p>\n<p><strong>STATUS<\/strong>: obec<\/p>\n<p><strong>ADRESA<\/strong>: Chlum 42, 257 63 Chlum (po\u0161ta Trhov\u00fd \u0160t\u011bp\u00e1nov)<img loading=\"lazy\" decoding=\"async\" src=\"https:\/\/ceskysmaragd.cz\/wp-content\/uploads\/2021\/05\/znak-941x1024-1-276x300.jpg\" alt=\"\" width=\"276\" height=\"300\" class=\"alignright wp-image-425 size-medium\" srcset=\"https:\/\/ceskysmaragd.cz\/wp-content\/uploads\/2021\/05\/znak-941x1024-1-276x300.jpg 276w, https:\/\/ceskysmaragd.cz\/wp-content\/uploads\/2021\/05\/znak-941x1024-1-768x836.jpg 768w, https:\/\/ceskysmaragd.cz\/wp-content\/uploads\/2021\/05\/znak-941x1024-1.jpg 941w\" sizes=\"auto, (max-width: 276px) 100vw, 276px\" \/><\/p>\n<p><strong>TELEFON<\/strong>: 724 162 035 &#8211; starosta<\/p>\n<p>(nepou\u017e\u00edvat jako kontakt pro kl\u00ed\u010d k rozhledn\u011b)<\/p>\n<p><strong>EMAIL<\/strong>: <a href=\"mailto:starosta@chlumuvlasimi.cz\">starosta@chlumuvlasimi.cz<\/a><\/p>\n<p><strong>I\u010c<\/strong>: 00473529<\/p>\n<p><strong>STAROSTA<\/strong>: JUDr. Bc. Ladislav Vesel\u00fd<\/p>\n<p><strong>\u00da\u0158EDN\u00cd HODINY<\/strong>: P\u00e1tek 19-20<\/p>\n<h5 style=\"text-align: left;\"><strong>KONTAKT PRO KL\u00cd\u010c K ROZHLEDN\u011a:<\/strong><\/h5>\n<p style=\"text-align: left;\"><strong>Ladislav Kopeck\u00fd<\/strong><\/p>\n<p style=\"text-align: left;\"><strong>Javorn\u00edk \u010dp.3<\/strong><\/p>\n<p style=\"text-align: left;\"><strong>Tel: 734362085<\/strong><\/p>\n<p>&nbsp;<\/p>\n<p>&nbsp;<\/p>\n<p><img loading=\"lazy\" decoding=\"async\" class=\"size-medium wp-image-17 aligncenter\" alt=\"\" src=\"https:\/\/ceskysmaragd.cz\/wp-content\/uploads\/2019\/07\/cesky_smaragd_logo_title-300x39.png\" width=\"300\" height=\"39\" srcset=\"https:\/\/ceskysmaragd.cz\/wp-content\/uploads\/2019\/07\/cesky_smaragd_logo_title-300x39.png 300w, https:\/\/ceskysmaragd.cz\/wp-content\/uploads\/2019\/07\/cesky_smaragd_logo_title.png 600w\" sizes=\"auto, (max-width: 300px) 100vw, 300px\" \/><\/p>\n<p><img loading=\"lazy\" decoding=\"async\" src=\"https:\/\/ceskysmaragd.cz\/wp-content\/uploads\/2022\/01\/Chlum-1-1024x819.jpg\" alt=\"\" width=\"750\" height=\"600\" class=\"aligncenter wp-image-652 size-large\" srcset=\"https:\/\/ceskysmaragd.cz\/wp-content\/uploads\/2022\/01\/Chlum-1-1024x819.jpg 1024w, https:\/\/ceskysmaragd.cz\/wp-content\/uploads\/2022\/01\/Chlum-1-300x240.jpg 300w, https:\/\/ceskysmaragd.cz\/wp-content\/uploads\/2022\/01\/Chlum-1-768x614.jpg 768w, https:\/\/ceskysmaragd.cz\/wp-content\/uploads\/2022\/01\/Chlum-1-1536x1229.jpg 1536w, https:\/\/ceskysmaragd.cz\/wp-content\/uploads\/2022\/01\/Chlum-1.jpg 1920w\" sizes=\"auto, (max-width: 750px) 100vw, 750px\" \/><\/p>\n<p><img loading=\"lazy\" decoding=\"async\" src=\"https:\/\/ceskysmaragd.cz\/wp-content\/uploads\/2019\/07\/Chlum_foto.jpg\" alt=\"\" class=\"aligncenter wp-image-258 size-full\" width=\"1024\" height=\"768\" srcset=\"https:\/\/ceskysmaragd.cz\/wp-content\/uploads\/2019\/07\/Chlum_foto.jpg 1024w, https:\/\/ceskysmaragd.cz\/wp-content\/uploads\/2019\/07\/Chlum_foto-300x225.jpg 300w, https:\/\/ceskysmaragd.cz\/wp-content\/uploads\/2019\/07\/Chlum_foto-768x576.jpg 768w\" sizes=\"auto, (max-width: 1024px) 100vw, 1024px\" \/><\/p>\n<p>&nbsp;<\/p>\n","protected":false},"excerpt":{"rendered":"<p>WEB: www.chlumuvlasimi.cz STATUS: obec ADRESA: Chlum 42, 257 63 Chlum (po\u0161ta Trhov\u00fd \u0160t\u011bp\u00e1nov) TELEFON: 724 162 035 &#8211; starosta (nepou\u017e\u00edvat jako kontakt pro kl\u00ed\u010d k rozhledn\u011b) EMAIL: starosta@chlumuvlasimi.cz I\u010c: 00473529 STAROSTA: JUDr. Bc. Ladislav Vesel\u00fd \u00da\u0158EDN\u00cd HODINY: P\u00e1tek 19-20 KONTAKT PRO KL\u00cd\u010c K ROZHLEDN\u011a: Ladislav Kopeck\u00fd Javorn\u00edk \u010dp.3 Tel: 734362085 [&hellip;]<\/p>\n","protected":false},"author":4,"featured_media":0,"parent":21,"menu_order":0,"comment_status":"closed","ping_status":"closed","template":"","meta":{"footnotes":""},"class_list":["post-123","page","type-page","status-publish","hentry"],"_links":{"self":[{"href":"https:\/\/ceskysmaragd.cz\/index.php?rest_route=\/wp\/v2\/pages\/123","targetHints":{"allow":["GET"]}}],"collection":[{"href":"https:\/\/ceskysmaragd.cz\/index.php?rest_route=\/wp\/v2\/pages"}],"about":[{"href":"https:\/\/ceskysmaragd.cz\/index.php?rest_route=\/wp\/v2\/types\/page"}],"author":[{"embeddable":true,"href":"https:\/\/ceskysmaragd.cz\/index.php?rest_route=\/wp\/v2\/users\/4"}],"replies":[{"embeddable":true,"href":"https:\/\/ceskysmaragd.cz\/index.php?rest_route=%2Fwp%2Fv2%2Fcomments&post=123"}],"version-history":[{"count":11,"href":"https:\/\/ceskysmaragd.cz\/index.php?rest_route=\/wp\/v2\/pages\/123\/revisions"}],"predecessor-version":[{"id":761,"href":"https:\/\/ceskysmaragd.cz\/index.php?rest_route=\/wp\/v2\/pages\/123\/revisions\/761"}],"up":[{"embeddable":true,"href":"https:\/\/ceskysmaragd.cz\/index.php?rest_route=\/wp\/v2\/pages\/21"}],"wp:attachment":[{"href":"https:\/\/ceskysmaragd.cz\/index.php?rest_route=%2Fwp%2Fv2%2Fmedia&parent=123"}],"curies":[{"name":"wp","href":"https:\/\/api.w.org\/{rel}","templated":true}]}}