{"id":129,"date":"2019-07-04T13:15:33","date_gmt":"2019-07-04T11:15:33","guid":{"rendered":"http:\/\/mikroregion.chlumuvlasimi.cz\/?page_id=129"},"modified":"2022-01-08T17:29:57","modified_gmt":"2022-01-08T16:29:57","slug":"javornik","status":"publish","type":"page","link":"https:\/\/ceskysmaragd.cz\/?page_id=129","title":{"rendered":"Javorn\u00edk"},"content":{"rendered":"<p><strong>WEB<\/strong>: <a href=\"http:\/\/www.javornikuvlasimi.cz\">www.javornikuvlasimi.cz<\/a><img loading=\"lazy\" decoding=\"async\" src=\"https:\/\/ceskysmaragd.cz\/wp-content\/uploads\/2022\/01\/javornik-znak-271x300.jpg\" alt=\"\" width=\"271\" height=\"300\" class=\"alignright wp-image-646 size-medium\" srcset=\"https:\/\/ceskysmaragd.cz\/wp-content\/uploads\/2022\/01\/javornik-znak-271x300.jpg 271w, https:\/\/ceskysmaragd.cz\/wp-content\/uploads\/2022\/01\/javornik-znak-924x1024.jpg 924w, https:\/\/ceskysmaragd.cz\/wp-content\/uploads\/2022\/01\/javornik-znak-768x851.jpg 768w, https:\/\/ceskysmaragd.cz\/wp-content\/uploads\/2022\/01\/javornik-znak.jpg 1024w\" sizes=\"auto, (max-width: 271px) 100vw, 271px\" \/><\/p>\n<p><strong>STATUS<\/strong>: obec<\/p>\n<p><strong>ADRESA<\/strong>: Javorn\u00edk 15, 257 63 Javorn\u00edk<\/p>\n<p>(po\u0161ta Trhov\u00fd \u0160t\u011bp\u00e1nov)<\/p>\n<p><strong>TELEFON<\/strong>: 724 188 997 (starosta)<\/p>\n<p><strong>EMAIL<\/strong>: <a href=\"mailto:obec.javornik@tiscali.cz\">obec.javornik@tiscali.cz<\/a><\/p>\n<p><strong>I\u010c<\/strong>: 00473545<\/p>\n<p><strong>STAROSTA<\/strong>: Ji\u0159\u00ed \u010cih\u00e1k<\/p>\n<p><strong>\u00da\u0158EDN\u00cd HODINY<\/strong>: Pond\u011bl\u00ed a St\u0159eda 18-21<\/p>\n<h5 style=\"text-align: center;\"><strong>KONTAKT PRO KL\u00cd\u010c K ROZHLEDN\u011a:<\/strong><\/h5>\n<p style=\"text-align: center;\"><strong>Ladislav Kopeck\u00fd<\/strong><\/p>\n<p style=\"text-align: center;\"><strong>Javorn\u00edk \u010dp.3<\/strong><\/p>\n<p style=\"text-align: center;\"><strong>Tel: 734362085<\/strong><\/p>\n<p>&nbsp;<\/p>\n<p><img loading=\"lazy\" decoding=\"async\" width=\"300\" height=\"39\" class=\"size-medium wp-image-17 aligncenter\" alt=\"\" src=\"https:\/\/ceskysmaragd.cz\/wp-content\/uploads\/2019\/07\/cesky_smaragd_logo_title-300x39.png\" srcset=\"https:\/\/ceskysmaragd.cz\/wp-content\/uploads\/2019\/07\/cesky_smaragd_logo_title-300x39.png 300w, https:\/\/ceskysmaragd.cz\/wp-content\/uploads\/2019\/07\/cesky_smaragd_logo_title.png 600w\" sizes=\"auto, (max-width: 300px) 100vw, 300px\" \/><\/p>\n<p><img loading=\"lazy\" decoding=\"async\" src=\"https:\/\/ceskysmaragd.cz\/wp-content\/uploads\/2022\/01\/Javornik-1-1024x683.jpg\" alt=\"\" width=\"750\" height=\"500\" class=\"aligncenter wp-image-647 size-large\" srcset=\"https:\/\/ceskysmaragd.cz\/wp-content\/uploads\/2022\/01\/Javornik-1-1024x683.jpg 1024w, https:\/\/ceskysmaragd.cz\/wp-content\/uploads\/2022\/01\/Javornik-1-300x200.jpg 300w, https:\/\/ceskysmaragd.cz\/wp-content\/uploads\/2022\/01\/Javornik-1-768x512.jpg 768w, https:\/\/ceskysmaragd.cz\/wp-content\/uploads\/2022\/01\/Javornik-1-1536x1024.jpg 1536w, https:\/\/ceskysmaragd.cz\/wp-content\/uploads\/2022\/01\/Javornik-1-360x240.jpg 360w, https:\/\/ceskysmaragd.cz\/wp-content\/uploads\/2022\/01\/Javornik-1.jpg 1920w\" sizes=\"auto, (max-width: 750px) 100vw, 750px\" \/> <img loading=\"lazy\" decoding=\"async\" src=\"https:\/\/ceskysmaragd.cz\/wp-content\/uploads\/2022\/01\/Javornik_pohl-1024x726.jpg\" alt=\"\" width=\"750\" height=\"532\" class=\"aligncenter wp-image-648 size-large\" srcset=\"https:\/\/ceskysmaragd.cz\/wp-content\/uploads\/2022\/01\/Javornik_pohl-1024x726.jpg 1024w, https:\/\/ceskysmaragd.cz\/wp-content\/uploads\/2022\/01\/Javornik_pohl-300x213.jpg 300w, https:\/\/ceskysmaragd.cz\/wp-content\/uploads\/2022\/01\/Javornik_pohl-768x545.jpg 768w, https:\/\/ceskysmaragd.cz\/wp-content\/uploads\/2022\/01\/Javornik_pohl-1536x1090.jpg 1536w, https:\/\/ceskysmaragd.cz\/wp-content\/uploads\/2022\/01\/Javornik_pohl.jpg 1920w\" sizes=\"auto, (max-width: 750px) 100vw, 750px\" \/><\/p>\n","protected":false},"excerpt":{"rendered":"<p>WEB: www.javornikuvlasimi.cz STATUS: obec ADRESA: Javorn\u00edk 15, 257 63 Javorn\u00edk (po\u0161ta Trhov\u00fd \u0160t\u011bp\u00e1nov) TELEFON: 724 188 997 (starosta) EMAIL: obec.javornik@tiscali.cz I\u010c: 00473545 STAROSTA: Ji\u0159\u00ed \u010cih\u00e1k \u00da\u0158EDN\u00cd HODINY: Pond\u011bl\u00ed a St\u0159eda 18-21 KONTAKT PRO KL\u00cd\u010c K ROZHLEDN\u011a: Ladislav Kopeck\u00fd Javorn\u00edk \u010dp.3 Tel: 734362085 &nbsp;<\/p>\n","protected":false},"author":4,"featured_media":0,"parent":21,"menu_order":0,"comment_status":"closed","ping_status":"closed","template":"","meta":{"footnotes":""},"class_list":["post-129","page","type-page","status-publish","hentry"],"_links":{"self":[{"href":"https:\/\/ceskysmaragd.cz\/index.php?rest_route=\/wp\/v2\/pages\/129","targetHints":{"allow":["GET"]}}],"collection":[{"href":"https:\/\/ceskysmaragd.cz\/index.php?rest_route=\/wp\/v2\/pages"}],"about":[{"href":"https:\/\/ceskysmaragd.cz\/index.php?rest_route=\/wp\/v2\/types\/page"}],"author":[{"embeddable":true,"href":"https:\/\/ceskysmaragd.cz\/index.php?rest_route=\/wp\/v2\/users\/4"}],"replies":[{"embeddable":true,"href":"https:\/\/ceskysmaragd.cz\/index.php?rest_route=%2Fwp%2Fv2%2Fcomments&post=129"}],"version-history":[{"count":6,"href":"https:\/\/ceskysmaragd.cz\/index.php?rest_route=\/wp\/v2\/pages\/129\/revisions"}],"predecessor-version":[{"id":670,"href":"https:\/\/ceskysmaragd.cz\/index.php?rest_route=\/wp\/v2\/pages\/129\/revisions\/670"}],"up":[{"embeddable":true,"href":"https:\/\/ceskysmaragd.cz\/index.php?rest_route=\/wp\/v2\/pages\/21"}],"wp:attachment":[{"href":"https:\/\/ceskysmaragd.cz\/index.php?rest_route=%2Fwp%2Fv2%2Fmedia&parent=129"}],"curies":[{"name":"wp","href":"https:\/\/api.w.org\/{rel}","templated":true}]}}