{"id":142,"date":"2019-07-04T13:37:03","date_gmt":"2019-07-04T11:37:03","guid":{"rendered":"http:\/\/mikroregion.chlumuvlasimi.cz\/?page_id=142"},"modified":"2022-11-26T11:04:52","modified_gmt":"2022-11-26T10:04:52","slug":"rataje","status":"publish","type":"page","link":"https:\/\/ceskysmaragd.cz\/?page_id=142","title":{"rendered":"Rataje"},"content":{"rendered":"<p style=\"text-align: left;\"><strong>WEB<\/strong>: <a href=\"http:\/\/www.obec-rataje.cz\">www.obec-rataje.cz<img loading=\"lazy\" decoding=\"async\" src=\"https:\/\/ceskysmaragd.cz\/wp-content\/uploads\/2022\/11\/rataje-2-300x300.gif\" alt=\"\" width=\"170\" height=\"170\" class=\"wp-image-721 alignleft\" srcset=\"https:\/\/ceskysmaragd.cz\/wp-content\/uploads\/2022\/11\/rataje-2-300x300.gif 300w, https:\/\/ceskysmaragd.cz\/wp-content\/uploads\/2022\/11\/rataje-2-150x150.gif 150w\" sizes=\"auto, (max-width: 170px) 100vw, 170px\" \/><\/a><\/p>\n<p><strong>STATUS<\/strong>: obec<\/p>\n<p><strong>ADRESA<\/strong>: Rataje 70, 258 01 Rataje (po\u0161ta Vla\u0161im)<\/p>\n<p><strong>TELEFON<\/strong>: 730 890 670<\/p>\n<p><strong>EMAIL<\/strong>: <a href=\"mailto:ou.rataje@post.cz\">ou.rataje@post.cz<\/a><\/p>\n<p><strong>I\u010c<\/strong>: 00232611<\/p>\n<p><strong>STAROSTA<\/strong>: Jaroslav Vo\u0161ick\u00fd<\/p>\n<p><strong>\u00da\u0158EDN\u00cd HODINY<\/strong>: Pond\u011bl\u00ed 20-22<\/p>\n<p>&nbsp;<\/p>\n<p><img loading=\"lazy\" decoding=\"async\" src=\"https:\/\/ceskysmaragd.cz\/wp-content\/uploads\/2022\/11\/Rataje-1.jpg\" alt=\"\" width=\"504\" height=\"372\" class=\"alignnone wp-image-722 size-full\" srcset=\"https:\/\/ceskysmaragd.cz\/wp-content\/uploads\/2022\/11\/Rataje-1.jpg 504w, https:\/\/ceskysmaragd.cz\/wp-content\/uploads\/2022\/11\/Rataje-1-300x221.jpg 300w\" sizes=\"auto, (max-width: 504px) 100vw, 504px\" \/><\/p>\n<p>&nbsp;<\/p>\n<p><img loading=\"lazy\" decoding=\"async\" width=\"300\" height=\"39\" class=\"size-medium wp-image-17 aligncenter\" alt=\"\" src=\"https:\/\/ceskysmaragd.cz\/wp-content\/uploads\/2019\/07\/cesky_smaragd_logo_title-300x39.png\" srcset=\"https:\/\/ceskysmaragd.cz\/wp-content\/uploads\/2019\/07\/cesky_smaragd_logo_title-300x39.png 300w, https:\/\/ceskysmaragd.cz\/wp-content\/uploads\/2019\/07\/cesky_smaragd_logo_title.png 600w\" sizes=\"auto, (max-width: 300px) 100vw, 300px\" \/><\/p>\n","protected":false},"excerpt":{"rendered":"<p>WEB: www.obec-rataje.cz STATUS: obec ADRESA: Rataje 70, 258 01 Rataje (po\u0161ta Vla\u0161im) TELEFON: 730 890 670 EMAIL: ou.rataje@post.cz I\u010c: 00232611 STAROSTA: Jaroslav Vo\u0161ick\u00fd \u00da\u0158EDN\u00cd HODINY: Pond\u011bl\u00ed 20-22 &nbsp; &nbsp;<\/p>\n","protected":false},"author":4,"featured_media":0,"parent":21,"menu_order":0,"comment_status":"closed","ping_status":"closed","template":"","meta":{"footnotes":""},"class_list":["post-142","page","type-page","status-publish","hentry"],"_links":{"self":[{"href":"https:\/\/ceskysmaragd.cz\/index.php?rest_route=\/wp\/v2\/pages\/142","targetHints":{"allow":["GET"]}}],"collection":[{"href":"https:\/\/ceskysmaragd.cz\/index.php?rest_route=\/wp\/v2\/pages"}],"about":[{"href":"https:\/\/ceskysmaragd.cz\/index.php?rest_route=\/wp\/v2\/types\/page"}],"author":[{"embeddable":true,"href":"https:\/\/ceskysmaragd.cz\/index.php?rest_route=\/wp\/v2\/users\/4"}],"replies":[{"embeddable":true,"href":"https:\/\/ceskysmaragd.cz\/index.php?rest_route=%2Fwp%2Fv2%2Fcomments&post=142"}],"version-history":[{"count":4,"href":"https:\/\/ceskysmaragd.cz\/index.php?rest_route=\/wp\/v2\/pages\/142\/revisions"}],"predecessor-version":[{"id":724,"href":"https:\/\/ceskysmaragd.cz\/index.php?rest_route=\/wp\/v2\/pages\/142\/revisions\/724"}],"up":[{"embeddable":true,"href":"https:\/\/ceskysmaragd.cz\/index.php?rest_route=\/wp\/v2\/pages\/21"}],"wp:attachment":[{"href":"https:\/\/ceskysmaragd.cz\/index.php?rest_route=%2Fwp%2Fv2%2Fmedia&parent=142"}],"curies":[{"name":"wp","href":"https:\/\/api.w.org\/{rel}","templated":true}]}}