{"id":145,"date":"2019-07-04T13:41:50","date_gmt":"2019-07-04T11:41:50","guid":{"rendered":"http:\/\/mikroregion.chlumuvlasimi.cz\/?page_id=145"},"modified":"2022-01-08T17:33:52","modified_gmt":"2022-01-08T16:33:52","slug":"tichonice","status":"publish","type":"page","link":"https:\/\/ceskysmaragd.cz\/?page_id=145","title":{"rendered":"Tichonice"},"content":{"rendered":"<p><strong>WEB<\/strong>: <a href=\"http:\/\/www.tichonice.cz\">www.tichonice.cz<\/a><img loading=\"lazy\" decoding=\"async\" src=\"https:\/\/ceskysmaragd.cz\/wp-content\/uploads\/2022\/01\/Tichonice-znak-271x300.jpg\" alt=\"\" width=\"271\" height=\"300\" class=\"alignright wp-image-667 size-medium\" srcset=\"https:\/\/ceskysmaragd.cz\/wp-content\/uploads\/2022\/01\/Tichonice-znak-271x300.jpg 271w, https:\/\/ceskysmaragd.cz\/wp-content\/uploads\/2022\/01\/Tichonice-znak-924x1024.jpg 924w, https:\/\/ceskysmaragd.cz\/wp-content\/uploads\/2022\/01\/Tichonice-znak-768x851.jpg 768w, https:\/\/ceskysmaragd.cz\/wp-content\/uploads\/2022\/01\/Tichonice-znak.jpg 932w\" sizes=\"auto, (max-width: 271px) 100vw, 271px\" \/><\/p>\n<p><strong>STATUS<\/strong>: obec<\/p>\n<p><strong>ADRESA<\/strong>: Tichonice 30, 257 63 Tichonice<\/p>\n<p>(po\u0161ta Trhov\u00fd \u0160t\u011bp\u00e1nov)<\/p>\n<p><strong>TELEFON<\/strong>: 317 851 445<\/p>\n<p><strong>EMAIL<\/strong>: <a href=\"mailto:outichonice@tichonice.cz\">outichonice@tichonice.cz<\/a><\/p>\n<p><strong>I\u010c<\/strong>: 00232831<\/p>\n<p><strong>STAROSTA<\/strong>: Jaroslav Van\u00edk<\/p>\n<p><strong>\u00da\u0158EDN\u00cd HODINY<\/strong>: P\u00e1tek 18-19<\/p>\n<p><strong>M\u00cdSTN\u00cd \u010c\u00c1STI OBCE TICHONICE<\/strong>: Sou\u0161ice, Chochol, K\u00e1covsk\u00e1 Lhota, K\u00e1covec, Licom\u011brsko, Pel\u00ed\u0161k\u016fv Most, Mazourov, Sv\u00e1rovna<\/p>\n<p>&nbsp;<\/p>\n<p><img loading=\"lazy\" decoding=\"async\" width=\"300\" height=\"39\" class=\"size-medium wp-image-17 aligncenter\" alt=\"\" src=\"https:\/\/ceskysmaragd.cz\/wp-content\/uploads\/2019\/07\/cesky_smaragd_logo_title-300x39.png\" srcset=\"https:\/\/ceskysmaragd.cz\/wp-content\/uploads\/2019\/07\/cesky_smaragd_logo_title-300x39.png 300w, https:\/\/ceskysmaragd.cz\/wp-content\/uploads\/2019\/07\/cesky_smaragd_logo_title.png 600w\" sizes=\"auto, (max-width: 300px) 100vw, 300px\" \/><\/p>\n<p><img loading=\"lazy\" decoding=\"async\" src=\"https:\/\/ceskysmaragd.cz\/wp-content\/uploads\/2022\/01\/Tichonice-foto-1024x768.jpg\" alt=\"\" width=\"750\" height=\"563\" class=\"aligncenter wp-image-665 size-large\" srcset=\"https:\/\/ceskysmaragd.cz\/wp-content\/uploads\/2022\/01\/Tichonice-foto-1024x768.jpg 1024w, https:\/\/ceskysmaragd.cz\/wp-content\/uploads\/2022\/01\/Tichonice-foto-300x225.jpg 300w, https:\/\/ceskysmaragd.cz\/wp-content\/uploads\/2022\/01\/Tichonice-foto-768x576.jpg 768w, https:\/\/ceskysmaragd.cz\/wp-content\/uploads\/2022\/01\/Tichonice-foto-1536x1152.jpg 1536w, https:\/\/ceskysmaragd.cz\/wp-content\/uploads\/2022\/01\/Tichonice-foto.jpg 1920w\" sizes=\"auto, (max-width: 750px) 100vw, 750px\" \/><img loading=\"lazy\" decoding=\"async\" src=\"https:\/\/ceskysmaragd.cz\/wp-content\/uploads\/2022\/01\/Tichonice-znak-a-vlajka-2-1024x650.jpg\" alt=\"\" width=\"750\" height=\"476\" class=\"aligncenter wp-image-666 size-large\" srcset=\"https:\/\/ceskysmaragd.cz\/wp-content\/uploads\/2022\/01\/Tichonice-znak-a-vlajka-2-1024x650.jpg 1024w, https:\/\/ceskysmaragd.cz\/wp-content\/uploads\/2022\/01\/Tichonice-znak-a-vlajka-2-300x190.jpg 300w, https:\/\/ceskysmaragd.cz\/wp-content\/uploads\/2022\/01\/Tichonice-znak-a-vlajka-2-768x488.jpg 768w, https:\/\/ceskysmaragd.cz\/wp-content\/uploads\/2022\/01\/Tichonice-znak-a-vlajka-2-1536x975.jpg 1536w, https:\/\/ceskysmaragd.cz\/wp-content\/uploads\/2022\/01\/Tichonice-znak-a-vlajka-2.jpg 1920w\" sizes=\"auto, (max-width: 750px) 100vw, 750px\" \/><\/p>\n","protected":false},"excerpt":{"rendered":"<p>WEB: www.tichonice.cz STATUS: obec ADRESA: Tichonice 30, 257 63 Tichonice (po\u0161ta Trhov\u00fd \u0160t\u011bp\u00e1nov) TELEFON: 317 851 445 EMAIL: outichonice@tichonice.cz I\u010c: 00232831 STAROSTA: Jaroslav Van\u00edk \u00da\u0158EDN\u00cd HODINY: P\u00e1tek 18-19 M\u00cdSTN\u00cd \u010c\u00c1STI OBCE TICHONICE: Sou\u0161ice, Chochol, K\u00e1covsk\u00e1 Lhota, K\u00e1covec, Licom\u011brsko, Pel\u00ed\u0161k\u016fv Most, Mazourov, Sv\u00e1rovna &nbsp;<\/p>\n","protected":false},"author":4,"featured_media":0,"parent":21,"menu_order":0,"comment_status":"closed","ping_status":"closed","template":"","meta":{"footnotes":""},"class_list":["post-145","page","type-page","status-publish","hentry"],"_links":{"self":[{"href":"https:\/\/ceskysmaragd.cz\/index.php?rest_route=\/wp\/v2\/pages\/145","targetHints":{"allow":["GET"]}}],"collection":[{"href":"https:\/\/ceskysmaragd.cz\/index.php?rest_route=\/wp\/v2\/pages"}],"about":[{"href":"https:\/\/ceskysmaragd.cz\/index.php?rest_route=\/wp\/v2\/types\/page"}],"author":[{"embeddable":true,"href":"https:\/\/ceskysmaragd.cz\/index.php?rest_route=\/wp\/v2\/users\/4"}],"replies":[{"embeddable":true,"href":"https:\/\/ceskysmaragd.cz\/index.php?rest_route=%2Fwp%2Fv2%2Fcomments&post=145"}],"version-history":[{"count":4,"href":"https:\/\/ceskysmaragd.cz\/index.php?rest_route=\/wp\/v2\/pages\/145\/revisions"}],"predecessor-version":[{"id":672,"href":"https:\/\/ceskysmaragd.cz\/index.php?rest_route=\/wp\/v2\/pages\/145\/revisions\/672"}],"up":[{"embeddable":true,"href":"https:\/\/ceskysmaragd.cz\/index.php?rest_route=\/wp\/v2\/pages\/21"}],"wp:attachment":[{"href":"https:\/\/ceskysmaragd.cz\/index.php?rest_route=%2Fwp%2Fv2%2Fmedia&parent=145"}],"curies":[{"name":"wp","href":"https:\/\/api.w.org\/{rel}","templated":true}]}}