{"id":148,"date":"2019-07-04T13:46:31","date_gmt":"2019-07-04T11:46:31","guid":{"rendered":"http:\/\/mikroregion.chlumuvlasimi.cz\/?page_id=148"},"modified":"2024-08-05T23:12:49","modified_gmt":"2024-08-05T21:12:49","slug":"zdislavice","status":"publish","type":"page","link":"https:\/\/ceskysmaragd.cz\/?page_id=148","title":{"rendered":"Zdislavice"},"content":{"rendered":"<p><strong>WEB<\/strong>: <a href=\"http:\/\/www.zdislavice.cz\">www.zdislavice.cz<img loading=\"lazy\" decoding=\"async\" src=\"https:\/\/ceskysmaragd.cz\/wp-content\/uploads\/2022\/11\/zdislavice-4.png\" alt=\"\" width=\"101\" height=\"144\" class=\"size-full wp-image-728 alignleft\" \/><\/a><\/p>\n<p><strong>STATUS<\/strong>: m\u011bstys<\/p>\n<p><strong>ADRESA<\/strong>: Zdislavice 6, 257 64 Zdislavice<\/p>\n<p><strong>TELEFON<\/strong>: 721 859 819, <span>734\u00a0879\u00a0703<\/span><\/p>\n<p><strong>EMAIL<\/strong>: <a href=\"mailto:zdislavice@zdislavice.cz\">zdislavice@zdislavice.cz<\/a><\/p>\n<p><strong>I\u010c<\/strong>: 00233072<\/p>\n<p><strong>STAROSTA<\/strong>: Miroslav M\u00edka<\/p>\n<p><strong>\u00da\u0158EDN\u00cd HODINY<\/strong>: Pond\u011bl\u00ed, St\u0159eda 8-11, 12-17<\/p>\n<p><img loading=\"lazy\" decoding=\"async\" src=\"https:\/\/ceskysmaragd.cz\/wp-content\/uploads\/2022\/11\/zdislavice-1.jpg\" alt=\"\" width=\"630\" height=\"480\" class=\"alignnone wp-image-731 size-full\" srcset=\"https:\/\/ceskysmaragd.cz\/wp-content\/uploads\/2022\/11\/zdislavice-1.jpg 630w, https:\/\/ceskysmaragd.cz\/wp-content\/uploads\/2022\/11\/zdislavice-1-300x229.jpg 300w\" sizes=\"auto, (max-width: 630px) 100vw, 630px\" \/> <img loading=\"lazy\" decoding=\"async\" src=\"https:\/\/ceskysmaragd.cz\/wp-content\/uploads\/2022\/11\/zdislavice-2.jpg\" alt=\"\" width=\"630\" height=\"480\" class=\"wp-image-730 size-full alignleft\" srcset=\"https:\/\/ceskysmaragd.cz\/wp-content\/uploads\/2022\/11\/zdislavice-2.jpg 630w, https:\/\/ceskysmaragd.cz\/wp-content\/uploads\/2022\/11\/zdislavice-2-300x229.jpg 300w\" sizes=\"auto, (max-width: 630px) 100vw, 630px\" \/> <img loading=\"lazy\" decoding=\"async\" src=\"https:\/\/ceskysmaragd.cz\/wp-content\/uploads\/2022\/11\/zdislavice-3-1024x305.jpg\" alt=\"\" width=\"750\" height=\"223\" class=\"aligncenter wp-image-729 size-large\" srcset=\"https:\/\/ceskysmaragd.cz\/wp-content\/uploads\/2022\/11\/zdislavice-3-1024x305.jpg 1024w, https:\/\/ceskysmaragd.cz\/wp-content\/uploads\/2022\/11\/zdislavice-3-300x89.jpg 300w, https:\/\/ceskysmaragd.cz\/wp-content\/uploads\/2022\/11\/zdislavice-3-768x229.jpg 768w, https:\/\/ceskysmaragd.cz\/wp-content\/uploads\/2022\/11\/zdislavice-3.jpg 1510w\" sizes=\"auto, (max-width: 750px) 100vw, 750px\" \/><\/p>\n<p>&nbsp;<\/p>\n<p><img loading=\"lazy\" decoding=\"async\" width=\"300\" height=\"39\" class=\"size-medium wp-image-17 aligncenter\" alt=\"\" src=\"https:\/\/ceskysmaragd.cz\/wp-content\/uploads\/2019\/07\/cesky_smaragd_logo_title-300x39.png\" srcset=\"https:\/\/ceskysmaragd.cz\/wp-content\/uploads\/2019\/07\/cesky_smaragd_logo_title-300x39.png 300w, https:\/\/ceskysmaragd.cz\/wp-content\/uploads\/2019\/07\/cesky_smaragd_logo_title.png 600w\" sizes=\"auto, (max-width: 300px) 100vw, 300px\" \/><\/p>\n","protected":false},"excerpt":{"rendered":"<p>WEB: www.zdislavice.cz STATUS: m\u011bstys ADRESA: Zdislavice 6, 257 64 Zdislavice TELEFON: 721 859 819, 734\u00a0879\u00a0703 EMAIL: zdislavice@zdislavice.cz I\u010c: 00233072 STAROSTA: Miroslav M\u00edka \u00da\u0158EDN\u00cd HODINY: Pond\u011bl\u00ed, St\u0159eda 8-11, 12-17 &nbsp;<\/p>\n","protected":false},"author":4,"featured_media":0,"parent":21,"menu_order":0,"comment_status":"closed","ping_status":"closed","template":"","meta":{"footnotes":""},"class_list":["post-148","page","type-page","status-publish","hentry"],"_links":{"self":[{"href":"https:\/\/ceskysmaragd.cz\/index.php?rest_route=\/wp\/v2\/pages\/148","targetHints":{"allow":["GET"]}}],"collection":[{"href":"https:\/\/ceskysmaragd.cz\/index.php?rest_route=\/wp\/v2\/pages"}],"about":[{"href":"https:\/\/ceskysmaragd.cz\/index.php?rest_route=\/wp\/v2\/types\/page"}],"author":[{"embeddable":true,"href":"https:\/\/ceskysmaragd.cz\/index.php?rest_route=\/wp\/v2\/users\/4"}],"replies":[{"embeddable":true,"href":"https:\/\/ceskysmaragd.cz\/index.php?rest_route=%2Fwp%2Fv2%2Fcomments&post=148"}],"version-history":[{"count":7,"href":"https:\/\/ceskysmaragd.cz\/index.php?rest_route=\/wp\/v2\/pages\/148\/revisions"}],"predecessor-version":[{"id":828,"href":"https:\/\/ceskysmaragd.cz\/index.php?rest_route=\/wp\/v2\/pages\/148\/revisions\/828"}],"up":[{"embeddable":true,"href":"https:\/\/ceskysmaragd.cz\/index.php?rest_route=\/wp\/v2\/pages\/21"}],"wp:attachment":[{"href":"https:\/\/ceskysmaragd.cz\/index.php?rest_route=%2Fwp%2Fv2%2Fmedia&parent=148"}],"curies":[{"name":"wp","href":"https:\/\/api.w.org\/{rel}","templated":true}]}}