{"id":21,"date":"2019-07-02T15:02:48","date_gmt":"2019-07-02T13:02:48","guid":{"rendered":"http:\/\/mikroregion.chlumuvlasimi.cz\/?page_id=21"},"modified":"2021-05-25T22:01:29","modified_gmt":"2021-05-25T22:01:29","slug":"domu","status":"publish","type":"page","link":"https:\/\/ceskysmaragd.cz\/","title":{"rendered":"Dom\u016f"},"content":{"rendered":"<h4 style=\"text-align: center;\"><span style=\"color: #ffff00;\">V\u00edtejte na webov\u00fdch str\u00e1nk\u00e1ch<\/span><\/h4>\n<h4 style=\"text-align: center;\"><span style=\"color: #ffff00;\">Mikroregionu \u010cesk\u00fd smaragd.<\/span><\/h4>\n<p>&nbsp;<\/p>\n<h3 style=\"text-align: center;\"><span style=\"color: #008000;\"><b>Obce sdru\u017een\u00e9 v Mikroregionu \u010cesk\u00fd smaragd:<\/b><\/span><\/h3>\n<p>&nbsp;<\/p>\n<h2 style=\"text-align: center;\"><a href=\"https:\/\/ceskysmaragd.cz\/?page_id=123\">Chlum<\/a><\/h2>\n<h2 style=\"text-align: center;\"><a href=\"https:\/\/ceskysmaragd.cz\/?page_id=129\">Javorn\u00edk<\/a><\/h2>\n<h2 style=\"text-align: center;\"><a href=\"https:\/\/ceskysmaragd.cz\/?page_id=138\">Kladruby<\/a><\/h2>\n<h2 style=\"text-align: center;\"><a href=\"https:\/\/ceskysmaragd.cz\/?page_id=142\">Rataje<\/a><\/h2>\n<h2 style=\"text-align: center;\"><a href=\"https:\/\/ceskysmaragd.cz\/?page_id=145\">Tichonice<\/a><\/h2>\n<h2 style=\"text-align: center;\"><a href=\"https:\/\/ceskysmaragd.cz\/?page_id=148\">Zdislavice<\/a><\/h2>\n<p>&nbsp;<\/p>\n<p><img loading=\"lazy\" decoding=\"async\" class=\"wp-image-17 size-full aligncenter\" style=\"color: #333333; display: block; font-family: Georgia,&amp;quot; times new roman&amp;quot;,&amp;quot;bitstream charter&amp;quot;,times,serif; font-size: 16px; font-style: normal; font-variant: normal; font-weight: 400; height: auto; letter-spacing: normal; margin-left: auto; margin-right: auto; max-width: 100%; orphans: 2; outline-color: #72777c; outline-style: solid; outline-width: 1px; text-align: left; text-decoration: none; text-indent: 0px; text-transform: none; -webkit-text-stroke-width: 0px; white-space: normal; word-spacing: 0px;\" alt=\"\" src=\"https:\/\/ceskysmaragd.cz\/wp-content\/uploads\/2019\/07\/cesky_smaragd_logo_title.png\" width=\"600\" height=\"78\" srcset=\"https:\/\/ceskysmaragd.cz\/wp-content\/uploads\/2019\/07\/cesky_smaragd_logo_title.png 600w, https:\/\/ceskysmaragd.cz\/wp-content\/uploads\/2019\/07\/cesky_smaragd_logo_title-300x39.png 300w\" sizes=\"auto, (max-width: 600px) 100vw, 600px\" \/><b><\/b><i><\/i><u><\/u><sub><\/sub><sup><\/sup><span style=\"text-decoration: line-through;\"><\/span><\/p>\n","protected":false},"excerpt":{"rendered":"<p>V\u00edtejte na webov\u00fdch str\u00e1nk\u00e1ch Mikroregionu \u010cesk\u00fd smaragd. &nbsp; Obce sdru\u017een\u00e9 v Mikroregionu \u010cesk\u00fd smaragd: &nbsp; Chlum Javorn\u00edk Kladruby Rataje Tichonice Zdislavice &nbsp;<\/p>\n","protected":false},"author":4,"featured_media":0,"parent":0,"menu_order":0,"comment_status":"closed","ping_status":"closed","template":"","meta":{"footnotes":""},"class_list":["post-21","page","type-page","status-publish","hentry"],"_links":{"self":[{"href":"https:\/\/ceskysmaragd.cz\/index.php?rest_route=\/wp\/v2\/pages\/21","targetHints":{"allow":["GET"]}}],"collection":[{"href":"https:\/\/ceskysmaragd.cz\/index.php?rest_route=\/wp\/v2\/pages"}],"about":[{"href":"https:\/\/ceskysmaragd.cz\/index.php?rest_route=\/wp\/v2\/types\/page"}],"author":[{"embeddable":true,"href":"https:\/\/ceskysmaragd.cz\/index.php?rest_route=\/wp\/v2\/users\/4"}],"replies":[{"embeddable":true,"href":"https:\/\/ceskysmaragd.cz\/index.php?rest_route=%2Fwp%2Fv2%2Fcomments&post=21"}],"version-history":[{"count":12,"href":"https:\/\/ceskysmaragd.cz\/index.php?rest_route=\/wp\/v2\/pages\/21\/revisions"}],"predecessor-version":[{"id":404,"href":"https:\/\/ceskysmaragd.cz\/index.php?rest_route=\/wp\/v2\/pages\/21\/revisions\/404"}],"wp:attachment":[{"href":"https:\/\/ceskysmaragd.cz\/index.php?rest_route=%2Fwp%2Fv2%2Fmedia&parent=21"}],"curies":[{"name":"wp","href":"https:\/\/api.w.org\/{rel}","templated":true}]}}