{"id":25,"date":"2019-07-02T15:02:48","date_gmt":"2019-07-02T13:02:48","guid":{"rendered":"http:\/\/mikroregion.chlumuvlasimi.cz\/?page_id=25"},"modified":"2024-08-17T17:11:38","modified_gmt":"2024-08-17T15:11:38","slug":"sekce-domovske-stranky","status":"publish","type":"page","link":"https:\/\/ceskysmaragd.cz\/?page_id=25","title":{"rendered":"O mikroregionu"},"content":{"rendered":"<address><img loading=\"lazy\" decoding=\"async\" width=\"600\" height=\"78\" class=\"alignleft wp-image-17 size-full\" alt=\"\" src=\"https:\/\/ceskysmaragd.cz\/wp-content\/uploads\/2019\/07\/cesky_smaragd_logo_title.png\" srcset=\"https:\/\/ceskysmaragd.cz\/wp-content\/uploads\/2019\/07\/cesky_smaragd_logo_title.png 600w, https:\/\/ceskysmaragd.cz\/wp-content\/uploads\/2019\/07\/cesky_smaragd_logo_title-300x39.png 300w\" sizes=\"auto, (max-width: 600px) 100vw, 600px\" \/><\/address>\n<p>&nbsp;<\/p>\n<p>&nbsp;<\/p>\n<p>&nbsp;<\/p>\n<p style=\"text-align: left;\"><strong>S\u00eddlo svazku<\/strong><\/p>\n<p>Javorn\u00edk 15<\/p>\n<p>Trhov\u00fd \u0160t\u011bp\u00e1nov<\/p>\n<p>257 63<\/p>\n<p>&nbsp;<\/p>\n<p><strong>Obce svazku<\/strong><\/p>\n<p><a href=\"https:\/\/ceskysmaragd.cz\/?page_id=123\"><em>Chlum<\/em><\/a><\/p>\n<p><a href=\"https:\/\/ceskysmaragd.cz\/?page_id=129\"><em>Javorn\u00edk<\/em><\/a><\/p>\n<p><a href=\"https:\/\/ceskysmaragd.cz\/?page_id=138\"><em>Kladruby<\/em><\/a><\/p>\n<p><a href=\"https:\/\/ceskysmaragd.cz\/?page_id=142\"><em>Rataje<\/em><\/a><\/p>\n<p><a href=\"https:\/\/ceskysmaragd.cz\/?page_id=145\"><em>Tichonice<\/em><\/a><\/p>\n<p><a href=\"https:\/\/ceskysmaragd.cz\/?page_id=148\"><em>Zdislavice<\/em><\/a><\/p>\n<p>&nbsp;<\/p>\n<p><strong>P\u0159edseda svazku <\/strong><\/p>\n<p>Ji\u0159\u00ed \u010cih\u00e1k<\/p>\n<p>Tel.: 724 188 997<\/p>\n<p>email:\u00a0 <a href=\"mailto:obec.javornik@tiscali.cz\">obec.javornik@tiscali.cz<\/a><\/p>\n<p>&nbsp;<\/p>\n<p><strong>M\u00edstop\u0159edseda svazku <\/strong><\/p>\n<p>Miroslav M\u00edka<\/p>\n<p>&nbsp;<\/p>\n<p><strong>Z\u00e1stupce svazku v MAS Blan\u00edk<\/strong><\/p>\n<p>Miroslav M\u00edka<\/p>\n<p>&nbsp;<\/p>\n<p><strong>Kontroln\u00ed v\u00fdbor<\/strong><\/p>\n<p>p\u0159edseda: Jaroslav Vo\u0161ick\u00fd<\/p>\n<p>\u010dlenov\u00e9: Petr Z\u00edka a Miroslav M\u00edka<\/p>\n<p>&nbsp;<\/p>\n<p><strong>Finan\u010dn\u00ed v\u00fdbor<\/strong><\/p>\n<p>p\u0159edseda: Jaroslav Van\u00edk<\/p>\n<p>\u010dlenov\u00e9: Roman Kunst a Libor Zelenka<\/p>\n<p>&nbsp;<\/p>\n<p><strong>Webov\u00e9 str\u00e1nky<\/strong><\/p>\n<p>Mgr. Jan Bal\u0161\u00e1nek<\/p>\n<p>&nbsp;<\/p>\n<p><strong>\u00da\u010detn\u00ed <\/strong><\/p>\n<p>Jana Je\u0159\u00e1bkov\u00e1<\/p>\n<p>email: <a href=\"mailto:jana-jerabkova@email.cz\">jana-jerabkova@email.cz<\/a><\/p>\n<p><strong>\u00a0<\/strong><\/p>\n<address><img loading=\"lazy\" decoding=\"async\" width=\"300\" height=\"225\" class=\"alignnone size-medium wp-image-65\" alt=\"\" src=\"https:\/\/ceskysmaragd.cz\/wp-content\/uploads\/2019\/07\/celkovyPohled-300x225.jpg\" srcset=\"https:\/\/ceskysmaragd.cz\/wp-content\/uploads\/2019\/07\/celkovyPohled-300x225.jpg 300w, https:\/\/ceskysmaragd.cz\/wp-content\/uploads\/2019\/07\/celkovyPohled-1024x768.jpg 1024w, https:\/\/ceskysmaragd.cz\/wp-content\/uploads\/2019\/07\/celkovyPohled-768x576.jpg 768w, https:\/\/ceskysmaragd.cz\/wp-content\/uploads\/2019\/07\/celkovyPohled-1536x1152.jpg 1536w, https:\/\/ceskysmaragd.cz\/wp-content\/uploads\/2019\/07\/celkovyPohled-1200x900.jpg 1200w, https:\/\/ceskysmaragd.cz\/wp-content\/uploads\/2019\/07\/celkovyPohled-1980x1485.jpg 1980w, https:\/\/ceskysmaragd.cz\/wp-content\/uploads\/2019\/07\/celkovyPohled.jpg 2048w\" sizes=\"auto, (max-width: 300px) 100vw, 300px\" \/><\/address>\n<address>\u00a0<\/address>\n<p>M\u011bstys, vesnice a malebn\u00e9 osady Mikroregionu \u010cesk\u00fd smaragd najdete v\u00a0\u010dlenit\u00e9 oblasti Vla\u0161imsk\u00e9 pahorkatiny &#8211; \u00a0na \u00fazem\u00ed od Javornick\u00e9 h\u016fry a\u017e ke b\u0159eh\u016fm \u0159eky S\u00e1zavy a vodn\u00ed n\u00e1dr\u017ee \u017delivka. Svazek tvo\u0159\u00ed \u0161est obc\u00ed: Zdislavice (p\u0159es 500 obyvatel), Kladruby u Vla\u0161imi (p\u0159es 200 obyvatel), Tichonice (kolem 200 obyvatel), Rataje (do 200 obyvatel), Chlum (p\u0159es 100 obyvatel) a Javorn\u00edk (p\u0159es 100 obyvatel). Uskupen\u00ed se naz\u00fdv\u00e1 Mikroregion \u010cesk\u00fd smaragd podle jeho v\u00fdjime\u010dn\u011b kr\u00e1sn\u00e9 a bohat\u00e9 p\u0159\u00edrody, ve kter\u00e9 p\u0159evl\u00e1d\u00e1 zelen\u00e1 barva &#8211; tak jako v\u00a0proslul\u00e9m drahokamu. V\u0161udyp\u0159\u00edtomn\u00e9 jsou lesy a h\u00e1je. V\u00a0regionu se nach\u00e1zej\u00ed i vz\u00e1cn\u00e9 p\u0159\u00edrodn\u00ed lokality.<\/p>\n<address>\u00a0<\/address>\n<p>Mikroregion \u010cesk\u00fd smaragd:<\/p>\n<div id=\"attachment_224\" style=\"width: 310px\" class=\"wp-caption alignright\"><a href=\"http:\/\/www.masblanik.cz\/\"><img loading=\"lazy\" decoding=\"async\" aria-describedby=\"caption-attachment-224\" width=\"300\" height=\"94\" class=\"wp-image-224 size-medium\" alt=\"\" src=\"https:\/\/ceskysmaragd.cz\/wp-content\/uploads\/2019\/07\/logo_mas_blanik-300x94.png\" srcset=\"https:\/\/ceskysmaragd.cz\/wp-content\/uploads\/2019\/07\/logo_mas_blanik-300x94.png 300w, https:\/\/ceskysmaragd.cz\/wp-content\/uploads\/2019\/07\/logo_mas_blanik.png 589w\" sizes=\"auto, (max-width: 300px) 100vw, 300px\" \/><\/a><p id=\"caption-attachment-224\" class=\"wp-caption-text\">Pro p\u0159epnut\u00ed na web MAS Blan\u00edk klikn\u011bte na logo.<\/p><\/div>\n<ul>\n<li>byl zalo\u017een 30. z\u00e1\u0159\u00ed 1999,<\/li>\n<li>je \u010dlenem M\u00edstn\u00ed ak\u010dn\u00ed skupiny Blan\u00edk (MAS Blan\u00edk),<\/li>\n<li>na \u00fazem\u00ed Mikroregionu \u010cesk\u00fd smaragd \u017eije v\u00edce ne\u017e tis\u00edc obyvatel.<\/li>\n<\/ul>\n<ul><\/ul>\n<h3>Funkce mikroregionu<\/h3>\n<ol>\n<li>Zvelebov\u00e1n\u00ed a zkvalit\u0148ov\u00e1n\u00ed prost\u0159ed\u00ed pro \u017eivot zdej\u0161\u00edch obyvatel. D\u011bje se tak prost\u0159ednictv\u00edm: projekt\u016f (budov\u00e1n\u00ed, opravy, zele\u0148, vzd\u011bl\u00e1v\u00e1n\u00ed, hospoda\u0159en\u00ed), komunitn\u00edho pl\u00e1nov\u00e1n\u00ed, spole\u010densk\u00fdch akc\u00ed, podpory d\u011bt\u00ed a ml\u00e1de\u017ee, podpory tradic, podpory p\u0159\u00edrody, podpory cestovn\u00edho ruchu, m\u00edstn\u00edch podnikatel\u016f a region\u00e1ln\u00edch v\u00fdrobc\u016f<\/li>\n<li>\u00a0Spolupr\u00e1ce v\u0161ech \u010dlen\u016f svazku p\u0159i \u0159e\u0161en\u00ed t\u011bchto \u00fakol\u016f. (kdy\u017e se spoj\u00ed v\u00edce mal\u00fdch obc\u00ed, maj\u00ed s\u00edlu velk\u00e9ho m\u011bsta a spole\u010dn\u011b si mohou dovolit pl\u00e1novat a uskute\u010dnit mnoho zaj\u00edmav\u00fdch projekt\u016f; maj\u00ed tak\u00e9 v\u011bt\u0161\u00ed schopnost prosadit se)<\/li>\n<li>Z principu v\u011bci zahrnuje mikroregion do pl\u00e1nov\u00e1n\u00ed a rozvoje sv\u00e9 obyvatele, organizace, spolky, sdru\u017een\u00ed a \u0161koly.<\/li>\n<\/ol>\n<p>Mikroregion zaji\u0161\u0165uje \u010dlensk\u00fdm obc\u00edm \u0159adu slu\u017eeb. Nap\u0159\u00edklad zprost\u0159edkov\u00e1n\u00ed informac\u00ed o r\u016fzn\u00fdch dota\u010dn\u00edch titulech a podpor\u00e1ch. T\u011bchto slu\u017eeb vyu\u017e\u00edvaj\u00ed i spolky a organizace, obyvatel\u00e9 a m\u00edstn\u00ed podnikatel\u00e9. Mikroregion se tak\u00e9 star\u00e1 o propagaci \u010dlensk\u00fdch obc\u00ed a jejich aktivit. Podporuje spole\u010densk\u00e9 akce a pom\u00e1h\u00e1 s jejich zaji\u0161t\u011bn\u00edm.<\/p>\n<p style=\"text-align: center;\"><img loading=\"lazy\" decoding=\"async\" width=\"300\" height=\"39\" class=\"size-medium wp-image-17 alignright\" alt=\"\" src=\"https:\/\/ceskysmaragd.cz\/wp-content\/uploads\/2019\/07\/cesky_smaragd_logo_title-300x39.png\" srcset=\"https:\/\/ceskysmaragd.cz\/wp-content\/uploads\/2019\/07\/cesky_smaragd_logo_title-300x39.png 300w, https:\/\/ceskysmaragd.cz\/wp-content\/uploads\/2019\/07\/cesky_smaragd_logo_title.png 600w\" sizes=\"auto, (max-width: 300px) 100vw, 300px\" \/><\/p>\n<p>&nbsp;<\/p>\n","protected":false},"excerpt":{"rendered":"<p>&nbsp; &nbsp; &nbsp; S\u00eddlo svazku Javorn\u00edk 15 Trhov\u00fd \u0160t\u011bp\u00e1nov 257 63 &nbsp; Obce svazku Chlum Javorn\u00edk Kladruby Rataje Tichonice Zdislavice &nbsp; P\u0159edseda svazku Ji\u0159\u00ed \u010cih\u00e1k Tel.: 724 188 997 email:\u00a0 obec.javornik@tiscali.cz &nbsp; M\u00edstop\u0159edseda svazku Miroslav M\u00edka &nbsp; Z\u00e1stupce svazku v MAS Blan\u00edk Miroslav M\u00edka &nbsp; Kontroln\u00ed v\u00fdbor p\u0159edseda: Jaroslav Vo\u0161ick\u00fd [&hellip;]<\/p>\n","protected":false},"author":4,"featured_media":0,"parent":0,"menu_order":0,"comment_status":"closed","ping_status":"closed","template":"","meta":{"footnotes":""},"class_list":["post-25","page","type-page","status-publish","hentry"],"_links":{"self":[{"href":"https:\/\/ceskysmaragd.cz\/index.php?rest_route=\/wp\/v2\/pages\/25","targetHints":{"allow":["GET"]}}],"collection":[{"href":"https:\/\/ceskysmaragd.cz\/index.php?rest_route=\/wp\/v2\/pages"}],"about":[{"href":"https:\/\/ceskysmaragd.cz\/index.php?rest_route=\/wp\/v2\/types\/page"}],"author":[{"embeddable":true,"href":"https:\/\/ceskysmaragd.cz\/index.php?rest_route=\/wp\/v2\/users\/4"}],"replies":[{"embeddable":true,"href":"https:\/\/ceskysmaragd.cz\/index.php?rest_route=%2Fwp%2Fv2%2Fcomments&post=25"}],"version-history":[{"count":10,"href":"https:\/\/ceskysmaragd.cz\/index.php?rest_route=\/wp\/v2\/pages\/25\/revisions"}],"predecessor-version":[{"id":830,"href":"https:\/\/ceskysmaragd.cz\/index.php?rest_route=\/wp\/v2\/pages\/25\/revisions\/830"}],"wp:attachment":[{"href":"https:\/\/ceskysmaragd.cz\/index.php?rest_route=%2Fwp%2Fv2%2Fmedia&parent=25"}],"curies":[{"name":"wp","href":"https:\/\/api.w.org\/{rel}","templated":true}]}}