{"id":407,"date":"2021-05-25T23:20:40","date_gmt":"2021-05-25T23:20:40","guid":{"rendered":"http:\/\/ceskysmaragd.cz\/?page_id=407"},"modified":"2022-01-04T00:28:15","modified_gmt":"2022-01-04T00:28:15","slug":"rozhledna-na-javornicke-hure","status":"publish","type":"page","link":"https:\/\/ceskysmaragd.cz\/?page_id=407","title":{"rendered":"KALAMAJKA &#8211; rozhledna na Javornick\u00e9 h\u016f\u0159e"},"content":{"rendered":"<p><img loading=\"lazy\" decoding=\"async\" src=\"https:\/\/ceskysmaragd.cz\/wp-content\/uploads\/2022\/01\/Javornik_pohl1-213x300.jpg\" alt=\"\" width=\"336\" height=\"474\" class=\"alignright wp-image-650 \" srcset=\"https:\/\/ceskysmaragd.cz\/wp-content\/uploads\/2022\/01\/Javornik_pohl1-213x300.jpg 213w, https:\/\/ceskysmaragd.cz\/wp-content\/uploads\/2022\/01\/Javornik_pohl1-727x1024.jpg 727w, https:\/\/ceskysmaragd.cz\/wp-content\/uploads\/2022\/01\/Javornik_pohl1-768x1082.jpg 768w, https:\/\/ceskysmaragd.cz\/wp-content\/uploads\/2022\/01\/Javornik_pohl1-1090x1536.jpg 1090w, https:\/\/ceskysmaragd.cz\/wp-content\/uploads\/2022\/01\/Javornik_pohl1-1453x2048.jpg 1453w, https:\/\/ceskysmaragd.cz\/wp-content\/uploads\/2022\/01\/Javornik_pohl1-scaled.jpg 1816w\" sizes=\"auto, (max-width: 336px) 100vw, 336px\" \/><\/p>\n<ul>\n<li>\n<h4 style=\"text-align: left;\"><strong><a href=\"https:\/\/ceskysmaragd.cz\/?page_id=621\">Provozn\u00ed \u0159\u00e1d rozhledny<\/a><\/strong><\/h4>\n<\/li>\n<li>\n<h4><a href=\"https:\/\/ceskysmaragd.cz\/?page_id=412\"><strong>Projekt rozhledny<\/strong><\/a><\/h4>\n<\/li>\n<li>\n<h4><strong><a href=\"https:\/\/ceskysmaragd.cz\/?page_id=617\">Financov\u00e1n\u00ed projektu rozhledny<\/a><\/strong><\/h4>\n<\/li>\n<li>\n<h4><a href=\"https:\/\/ceskysmaragd.cz\/?page_id=418\"><strong>Postup v\u00fdstavby rozhledny<\/strong><\/a><\/h4>\n<\/li>\n<li>\n<h4><strong><a href=\"https:\/\/ceskysmaragd.cz\/?page_id=574\">Slavnostn\u00ed otev\u0159en\u00ed rozhledny &#8211; 27.11.2021<\/a><\/strong><\/h4>\n<\/li>\n<\/ul>\n<p>Obec Javornik<span> le\u017e\u00ed v nadmo\u0159sk\u00e9 v\u00fd\u0161ce 457 metru na \u00fapat\u00ed Horky (524 m. n. m.).<\/span><\/p>\n<p><span>Z\u00e1padn\u011b v\u00e9vod\u00ed zdej\u0161\u00edmu okol\u00ed zdaleka viditeln\u00e1 <strong>Javornick\u00e1 h\u016fra (583 m. n. m.)<\/strong>.<\/span><\/p>\n<p><img loading=\"lazy\" decoding=\"async\" src=\"https:\/\/ceskysmaragd.cz\/wp-content\/uploads\/2021\/06\/IMG-20210517-WA0000.jpg\" alt=\"\" width=\"1080\" height=\"327\" class=\"alignnone size-full wp-image-457\" srcset=\"https:\/\/ceskysmaragd.cz\/wp-content\/uploads\/2021\/06\/IMG-20210517-WA0000.jpg 1080w, https:\/\/ceskysmaragd.cz\/wp-content\/uploads\/2021\/06\/IMG-20210517-WA0000-300x91.jpg 300w, https:\/\/ceskysmaragd.cz\/wp-content\/uploads\/2021\/06\/IMG-20210517-WA0000-1024x310.jpg 1024w, https:\/\/ceskysmaragd.cz\/wp-content\/uploads\/2021\/06\/IMG-20210517-WA0000-768x233.jpg 768w\" sizes=\"auto, (max-width: 1080px) 100vw, 1080px\" \/><\/p>\n<p><span> A\u017e do po\u010d\u00e1tku 19. stolet\u00ed byl vrch hol\u00fd, nezalesn\u011bn\u00fd. <\/span><\/p>\n<p><span>Otev\u00edral se tak pohled do krajiny <\/span>vzd\u00e1len\u00e9 n\u011bkolik des\u00edtek kilometr\u016f.<\/p>\n<p><span>V roce 1931 zde vla\u0161imsk\u00fd odbor K\u010cT za pomoc\u00ed vojska postavil jednoduchou d\u0159ev\u011bnou rozhlednu.<\/span><\/p>\n<p><img loading=\"lazy\" decoding=\"async\" src=\"https:\/\/ceskysmaragd.cz\/wp-content\/uploads\/2021\/05\/Foto.jpg\" alt=\"\" width=\"550\" height=\"455\" class=\"aligncenter wp-image-445 size-full\" srcset=\"https:\/\/ceskysmaragd.cz\/wp-content\/uploads\/2021\/05\/Foto.jpg 550w, https:\/\/ceskysmaragd.cz\/wp-content\/uploads\/2021\/05\/Foto-300x248.jpg 300w\" sizes=\"auto, (max-width: 550px) 100vw, 550px\" \/><\/p>\n<p>Tato provizorn\u00ed d\u0159ev\u011bn\u00e1 vojensk\u00e1 pozorovatelna\u00a0 se z\u0159\u00edtila v roce 1956 a od t\u00e9 doby<\/p>\n<p>nem\u00e1me mo\u017enost pohledu do okol\u00ed z tohoto romantick\u00e9ho vrchu.<\/p>\n<p>&nbsp;<\/p>\n<p>&nbsp;<\/p>\n<h5 style=\"text-align: center;\"><strong>Usilovali jsme o v\u00fdstavbu\u00a0 nov\u00e9 rozhledny jako dominanty mikroregionu ji\u017e od roku 2003<\/strong><\/h5>\n<p style=\"text-align: center;\"><strong>(<a href=\"https:\/\/ceskysmaragd.cz\/?page_id=574\">slavnostn\u00ed otev\u0159en\u00ed nov\u00e9 rozhledny<\/a> prob\u011bhlo 27.11.2021)<\/strong><\/p>\n<p>&nbsp;<\/p>\n<p>&nbsp;<\/p>\n<p style=\"text-align: center;\"><strong>P\u016fvodn\u00ed varianta rozhledny:<\/strong><\/p>\n<p>V\u00fdtvarn\u00e9 objekty: Petr Nikl, Ond\u0159ej Smeykal, Milan Cais, Martin Jan\u00ed\u010dek, Jaroslav Ko\u0159\u00e1n<br \/>\nAdresa: Javornick\u00e1 h\u016fra<br \/>\nKlient: svazek obc\u00ed \u010cesk\u00fd smaragd<br \/>\nStudie: 2008<\/p>\n<div id=\"attachment_448\" style=\"width: 358px\" class=\"wp-caption aligncenter\"><img loading=\"lazy\" decoding=\"async\" aria-describedby=\"caption-attachment-448\" src=\"https:\/\/ceskysmaragd.cz\/wp-content\/uploads\/2021\/05\/varianta1.jpg\" alt=\"P\u016fvodn\u00ed varianta rozhledny\" width=\"348\" height=\"471\" class=\"wp-image-448 size-full\" srcset=\"https:\/\/ceskysmaragd.cz\/wp-content\/uploads\/2021\/05\/varianta1.jpg 348w, https:\/\/ceskysmaragd.cz\/wp-content\/uploads\/2021\/05\/varianta1-222x300.jpg 222w\" sizes=\"auto, (max-width: 348px) 100vw, 348px\" \/><p id=\"caption-attachment-448\" class=\"wp-caption-text\">P\u016fvodn\u00ed varianta rozhledny<\/p><\/div>\n<p>&nbsp;<\/p>\n<p>&nbsp;<\/p>\n<p style=\"text-align: center;\"><strong>Sou\u010dasn\u00e1 realizovan\u00e1 varianta rozhledny:<\/strong><\/p>\n<p>Zpracovatel projektu: Petr Myslivec, TAPA projekt s.r.o.<\/p>\n<p>V\u00fd\u0161ka: 25,7 m<\/p>\n<p><img loading=\"lazy\" decoding=\"async\" src=\"https:\/\/ceskysmaragd.cz\/wp-content\/uploads\/2021\/05\/varianta-2-2.jpg\" alt=\"\" width=\"341\" height=\"803\" class=\"alignnone wp-image-447 size-full\" srcset=\"https:\/\/ceskysmaragd.cz\/wp-content\/uploads\/2021\/05\/varianta-2-2.jpg 341w, https:\/\/ceskysmaragd.cz\/wp-content\/uploads\/2021\/05\/varianta-2-2-127x300.jpg 127w\" sizes=\"auto, (max-width: 341px) 100vw, 341px\" \/><img loading=\"lazy\" decoding=\"async\" src=\"https:\/\/ceskysmaragd.cz\/wp-content\/uploads\/2021\/05\/varianta-2-1.jpg\" alt=\"\" width=\"283\" height=\"739\" class=\"alignright wp-image-446 \" srcset=\"https:\/\/ceskysmaragd.cz\/wp-content\/uploads\/2021\/05\/varianta-2-1.jpg 242w, https:\/\/ceskysmaragd.cz\/wp-content\/uploads\/2021\/05\/varianta-2-1-115x300.jpg 115w\" sizes=\"auto, (max-width: 283px) 100vw, 283px\" \/><\/p>\n<p><img loading=\"lazy\" decoding=\"async\" src=\"https:\/\/ceskysmaragd.cz\/wp-content\/uploads\/2021\/09\/Publicita_Rozhledna_bez-znacek-1024x724.jpg\" alt=\"\" width=\"750\" height=\"530\" class=\"size-large wp-image-541 aligncenter\" srcset=\"https:\/\/ceskysmaragd.cz\/wp-content\/uploads\/2021\/09\/Publicita_Rozhledna_bez-znacek-1024x724.jpg 1024w, https:\/\/ceskysmaragd.cz\/wp-content\/uploads\/2021\/09\/Publicita_Rozhledna_bez-znacek-300x212.jpg 300w, https:\/\/ceskysmaragd.cz\/wp-content\/uploads\/2021\/09\/Publicita_Rozhledna_bez-znacek-768x543.jpg 768w, https:\/\/ceskysmaragd.cz\/wp-content\/uploads\/2021\/09\/Publicita_Rozhledna_bez-znacek-1536x1087.jpg 1536w, https:\/\/ceskysmaragd.cz\/wp-content\/uploads\/2021\/09\/Publicita_Rozhledna_bez-znacek-2048x1449.jpg 2048w\" sizes=\"auto, (max-width: 750px) 100vw, 750px\" \/><\/p>\n<p><img loading=\"lazy\" decoding=\"async\" src=\"https:\/\/ceskysmaragd.cz\/wp-content\/uploads\/2019\/07\/cesky_smaragd_logo_title-300x39.png\" alt=\"\" width=\"300\" height=\"39\" class=\"size-medium wp-image-17 aligncenter\" srcset=\"https:\/\/ceskysmaragd.cz\/wp-content\/uploads\/2019\/07\/cesky_smaragd_logo_title-300x39.png 300w, https:\/\/ceskysmaragd.cz\/wp-content\/uploads\/2019\/07\/cesky_smaragd_logo_title.png 600w\" sizes=\"auto, (max-width: 300px) 100vw, 300px\" \/><\/p>\n<p>&nbsp;<\/p>\n","protected":false},"excerpt":{"rendered":"<p>Provozn\u00ed \u0159\u00e1d rozhledny Projekt rozhledny Financov\u00e1n\u00ed projektu rozhledny Postup v\u00fdstavby rozhledny Slavnostn\u00ed otev\u0159en\u00ed rozhledny &#8211; 27.11.2021 Obec Javornik le\u017e\u00ed v nadmo\u0159sk\u00e9 v\u00fd\u0161ce 457 metru na \u00fapat\u00ed Horky (524 m. n. m.). Z\u00e1padn\u011b v\u00e9vod\u00ed zdej\u0161\u00edmu okol\u00ed zdaleka viditeln\u00e1 Javornick\u00e1 h\u016fra (583 m. n. m.). A\u017e do po\u010d\u00e1tku 19. stolet\u00ed byl vrch [&hellip;]<\/p>\n","protected":false},"author":4,"featured_media":0,"parent":335,"menu_order":0,"comment_status":"closed","ping_status":"closed","template":"","meta":{"footnotes":""},"class_list":["post-407","page","type-page","status-publish","hentry"],"_links":{"self":[{"href":"https:\/\/ceskysmaragd.cz\/index.php?rest_route=\/wp\/v2\/pages\/407","targetHints":{"allow":["GET"]}}],"collection":[{"href":"https:\/\/ceskysmaragd.cz\/index.php?rest_route=\/wp\/v2\/pages"}],"about":[{"href":"https:\/\/ceskysmaragd.cz\/index.php?rest_route=\/wp\/v2\/types\/page"}],"author":[{"embeddable":true,"href":"https:\/\/ceskysmaragd.cz\/index.php?rest_route=\/wp\/v2\/users\/4"}],"replies":[{"embeddable":true,"href":"https:\/\/ceskysmaragd.cz\/index.php?rest_route=%2Fwp%2Fv2%2Fcomments&post=407"}],"version-history":[{"count":34,"href":"https:\/\/ceskysmaragd.cz\/index.php?rest_route=\/wp\/v2\/pages\/407\/revisions"}],"predecessor-version":[{"id":660,"href":"https:\/\/ceskysmaragd.cz\/index.php?rest_route=\/wp\/v2\/pages\/407\/revisions\/660"}],"up":[{"embeddable":true,"href":"https:\/\/ceskysmaragd.cz\/index.php?rest_route=\/wp\/v2\/pages\/335"}],"wp:attachment":[{"href":"https:\/\/ceskysmaragd.cz\/index.php?rest_route=%2Fwp%2Fv2%2Fmedia&parent=407"}],"curies":[{"name":"wp","href":"https:\/\/api.w.org\/{rel}","templated":true}]}}