{"id":412,"date":"2021-05-25T23:20:49","date_gmt":"2021-05-25T23:20:49","guid":{"rendered":"http:\/\/ceskysmaragd.cz\/?page_id=412"},"modified":"2021-09-11T08:43:47","modified_gmt":"2021-09-11T08:43:47","slug":"stavba-rozhledny-na-javornicke-hure-projektova-dokumentace","status":"publish","type":"page","link":"https:\/\/ceskysmaragd.cz\/?page_id=412","title":{"rendered":"Projekt rozhledny na Javornick\u00e9 h\u016f\u0159e"},"content":{"rendered":"<p>Za\u010d\u00e1tek \u00a0n\u00e1padu na stavbu rozhledny byl od roku 2003.<\/p>\n<p>Do roku 2006 se jednalo s Lesy \u010cR.<\/p>\n<p>Prvotn\u00ed jedn\u00e1n\u00ed s\u00a0Lesy \u010cR \u2013 necht\u011bli povolit stavbu.<\/p>\n<p>Prvn\u00ed n\u00e1st\u0159el rozhledny byla celod\u0159ev\u011bn\u00e1 uzav\u0159en\u00e1 v\u011b\u017e s\u00a0 v\u00fd\u0161kou cca 31 metr\u016f.<\/p>\n<p>Z hlediska realizace nebylo mo\u017en\u00e9 \u2013 po\u017e\u00e1rn\u00ed zpr\u00e1va byla nevyhovuj\u00edc\u00ed.<\/p>\n<p>Dal\u0161\u00ed projekt byl p\u0159es IROP &#8211; v\u00fd\u0161ka 32,7 metru. Hrac\u00ed v\u011b\u017e.<\/p>\n<p>&nbsp;<\/p>\n<p style=\"text-align: center;\"><strong>Sou\u010dasn\u00fd stav:<\/strong><\/p>\n<p style=\"text-align: center;\"><strong>Zpracovatel projektu: Petr Myslivec, TAPA projekt s.r.o.<\/strong><\/p>\n<p style=\"text-align: center;\"><strong>V\u00fd\u0161ka: 25,7 m<\/strong><\/p>\n<p style=\"text-align: center;\"><strong>Cena: 7 135 280 K\u010d v\u010detn\u011b DPH<\/strong><\/p>\n<p style=\"text-align: center;\"><strong>Za\u010d\u00e1tek stavby: kv\u011bten 2021<\/strong><\/p>\n<p style=\"text-align: center;\"><strong>Konec stavby: z\u00e1\u0159\u00ed 2021<\/strong><\/p>\n<p style=\"text-align: center;\"><strong>Zhotovitel: Stenco s.r.o.<\/strong><\/p>\n<p>&nbsp;<\/p>\n<p><img loading=\"lazy\" decoding=\"async\" src=\"https:\/\/ceskysmaragd.cz\/wp-content\/uploads\/2021\/07\/logo_firma-300x127.jpg\" alt=\"\" width=\"300\" height=\"127\" class=\"size-medium wp-image-495 aligncenter\" srcset=\"https:\/\/ceskysmaragd.cz\/wp-content\/uploads\/2021\/07\/logo_firma-300x127.jpg 300w, https:\/\/ceskysmaragd.cz\/wp-content\/uploads\/2021\/07\/logo_firma-1024x432.jpg 1024w, https:\/\/ceskysmaragd.cz\/wp-content\/uploads\/2021\/07\/logo_firma-768x324.jpg 768w, https:\/\/ceskysmaragd.cz\/wp-content\/uploads\/2021\/07\/logo_firma-1536x648.jpg 1536w, https:\/\/ceskysmaragd.cz\/wp-content\/uploads\/2021\/07\/logo_firma-2048x864.jpg 2048w\" sizes=\"auto, (max-width: 300px) 100vw, 300px\" \/><\/p>\n<h2><img loading=\"lazy\" decoding=\"async\" src=\"https:\/\/ceskysmaragd.cz\/wp-content\/uploads\/2021\/09\/Publicita_Rozhledna_bez-znacek-1024x724.jpg\" alt=\"\" width=\"750\" height=\"530\" class=\"size-large wp-image-541 aligncenter\" srcset=\"https:\/\/ceskysmaragd.cz\/wp-content\/uploads\/2021\/09\/Publicita_Rozhledna_bez-znacek-1024x724.jpg 1024w, https:\/\/ceskysmaragd.cz\/wp-content\/uploads\/2021\/09\/Publicita_Rozhledna_bez-znacek-300x212.jpg 300w, https:\/\/ceskysmaragd.cz\/wp-content\/uploads\/2021\/09\/Publicita_Rozhledna_bez-znacek-768x543.jpg 768w, https:\/\/ceskysmaragd.cz\/wp-content\/uploads\/2021\/09\/Publicita_Rozhledna_bez-znacek-1536x1087.jpg 1536w, https:\/\/ceskysmaragd.cz\/wp-content\/uploads\/2021\/09\/Publicita_Rozhledna_bez-znacek-2048x1449.jpg 2048w\" sizes=\"auto, (max-width: 750px) 100vw, 750px\" \/><\/h2>\n<h2 style=\"text-align: center;\">Z\u00e1kladn\u00ed charakteristika objekt\u016f<\/h2>\n<ul>\n<li>Rozhledna je navr\u017eena jako jednoduch\u00e1 osmibok\u00e1 stavba \u0159e\u0161en\u00e1 ve dvou hmot\u00e1ch. Spodn\u00ed \u010d\u00e1st je \u0159e\u0161ena z jako masivn\u00ed konstrukce z monolitick\u00e9ho \u017eelezobetonu a horn\u00ed \u010d\u00e1st stavby je navr\u017eena jako lehk\u00e1 ocelov\u00e1 konstrukce.<\/li>\n<li>Ocelov\u00e1 konstrukce bude opl\u00e1\u0161t\u011bn\u00e1 d\u0159ev\u011bn\u00fdm pl\u00e1\u0161t\u011bm tvo\u0159en\u00fdm deskami z\u00a0 mod\u0159\u00ednov\u00fdch prken.<\/li>\n<li>P\u0159\u00edpravn\u00e9 a zemn\u00ed pr\u00e1ce &#8211; p\u0159ed zah\u00e1jen\u00edm zemn\u00edch prac\u00ed bude provedeno vyk\u00e1cen\u00ed nezbytn\u011b nutn\u00fdch vzrostl\u00fdch kmen\u016f pro v\u00fdstavbu. Zemn\u00ed pr\u00e1ce spo\u010d\u00edvaj\u00ed pouze ve v\u00fdkopu pro z\u00e1kladovou desku pod \u017eelezobetonovou konstrukci.<\/li>\n<li>Vykopan\u00e1 zemina sypk\u00fd materi\u00e1l ze zpevn\u011bn\u00fdch ploch bude vyu\u017eit p\u0159i drobn\u00fdch ter\u00e9nn\u00edch \u00faprav\u00e1ch okolo rozhledny pop\u0159. odvezen na odpov\u00eddaj\u00edc\u00ed skl\u00e1dku dle typu materi\u00e1lu.<\/li>\n<li>P\u0159ed zah\u00e1jen\u00edm zemn\u00edch prac\u00ed nutno vyt\u00fd\u010dit v\u0161echny p\u0159\u00edpadn\u00e9 st\u00e1vaj\u00edc\u00ed in\u017een\u00fdrsk\u00e9 s\u00edt\u011b.<\/li>\n<li>Z\u00e1kladov\u00e9 konstrukce pod rozhlednou jsou tvo\u0159ena \u017eelezobetonovou z\u00e1kladovou deskou z betonu C20\/25 o tl.1200mm. Nosn\u00e1 z\u00e1kladov\u00e1 \u017eelezobetonov\u00e1 deska bude ulo\u017eena na podkladn\u00ed z\u00e1kladovou desku z prost\u00e9ho betonu C16\/20. Z\u00e1kladov\u00e9 konstrukce budou provedeny do hloubky dle v\u00fdkresu.<\/li>\n<li>Svisl\u00e9 konstrukce spodn\u00ed \u010d\u00e1sti jsou tvo\u0159eny \u017eelezobetonovou konstrukc\u00ed. Svisl\u00e1 konstrukce plynule navazuje na z\u00e1kladovou desku. \u017delezobetonov\u00e1 konstrukce sestaven\u00e1 z obvodov\u00fdch zd\u00ed tl. 400 mm z pohledov\u00e9ho monolitick\u00e9ho betonu C30\/37. P\u016fdorysn\u011b je konstrukce tvaru 8-mi st\u011bnu. \u017delezobetonov\u00e1 konstrukce je do v\u00fd\u0161ky +10,395 od 0,000.<\/li>\n<li>Schodi\u0161t\u011b je provedeno z vetknut\u00fdch podest a mezipodest do obvodov\u00fdch zd\u00ed.<\/li>\n<li>N\u00e1sledn\u011b budou provedeny beton\u00e1\u017ee jednotliv\u00fdch ramen schodi\u0161t\u011b. Cel\u00e1 \u017eelezobetonov\u00e1 konstrukce je navr\u017eena jako monolitick\u00e1.<\/li>\n<li>P\u0159\u00ed\u010dkov\u00e9 zdivo v p\u0159\u00edzem\u00ed rozhledny je navr\u017eeno z keramick\u00fdch p\u0159\u00ed\u010dkovek na cementovou maltu. Zastropen\u00ed skladu u vstupu do rozhledny bude provedeno z prefa PZD desek ulo\u017een\u00fdch na nosn\u00e9 keramick\u00e9 p\u0159\u00ed\u010dky.<\/li>\n<li>Nosn\u00e1 ocelov\u00e1 konstrukce je navr\u017eena na osmi samostatn\u00fdch sloupech z profilu TR168x6,3 a ve vy\u0161\u0161\u00ed \u010d\u00e1sti z profilu TR168x4,5. V \u00farovni hlavn\u00edch podest jsou ocelov\u00e9 sloupy vodorovn\u011b ztu\u017eeny profily TROBD 120x120x5 mm.<\/li>\n<li>V posledn\u00edm pat\u0159e je vyn\u00e1\u0161en vyhl\u00eddkov\u00fd ochoz, kter\u00fd je zav\u011b\u0161en na obvodov\u00e9m ztu\u017een\u00ed. Konstrukce schodi\u0161\u0165 je provedena z nosn\u00e9ho st\u0159edn\u00edho ramene s mezipodestami kotven\u00fdmi do obvodov\u00e9 konstrukce. Na horn\u00ed stran\u011b je umo\u017en\u011bn vodorovn\u00fd posun ve sm\u011bru ramene. Na st\u0159edn\u00ed rameno jsou osazeny v m\u00edst\u011b mezipodest n\u00e1stupn\u00ed a v\u00fdstupn\u00ed ramena s umo\u017en\u011bn\u00fdm vodorovn\u00fdm posunem ve sm\u011bru ramen.<\/li>\n<li>V\u0159etenov\u00e9 schodi\u0161t\u011b je zav\u011b\u0161eno pod st\u0159e\u0161n\u00ed konstrukc\u00ed na st\u0159edn\u00edm ocelov\u00e9m sloupu.<\/li>\n<li>Na podlahu mezipodest a schodi\u0161\u0165ov\u00fdch stup\u0148\u016f je navr\u017een sva\u0159ovan\u00fd ro\u0161t s protiskluzovou \u00fapravou. Na stupn\u011b v\u0159etenov\u00e9ho schodi\u0161t\u011b je pou\u017eit slzi\u010dkov\u00fd plech v tl. 10 mm. Nosn\u00e1 konstrukce zast\u0159e\u0161en\u00ed je navr\u017eena z vyn\u00e1\u0161ej\u00edc\u00ed sva\u0159en\u00e9 prostorov\u00e9 p\u0159\u00edhradov\u00e9 konstrukce, kter\u00e1 je vynesena na ocelov\u00fdch t\u00e1hlech zav\u011b\u0161en\u00fdch ze sloup\u016f. Na konstrukci je zav\u011b\u0161en nosn\u00fd sloup v\u0159etenov\u00e9ho schodi\u0161t\u011b. Konstrukce z\u00e1rove\u0148 podp\u00edr\u00e1 d\u0159ev\u011bn\u00e9 krokve.<\/li>\n<li>Ro\u0161t pro osazen\u00ed opl\u00e1\u0161t\u011bn\u00ed je p\u0159edsazen p\u0159ed nosnou konstrukci. Jako opl\u00e1\u0161t\u011bn\u00ed budou pou\u017eity d\u0159ev\u011bn\u00e9 panely z prken. V ro\u0161tu jsou osazeny ocelov\u00e9 profily pro um\u00edst\u011bn\u00ed oken.<\/li>\n<li>Ocelov\u00e1 konstrukce bude \u017e\u00e1rov\u011b zinkov\u00e1na. Na stavb\u011b nebudou prov\u00e1d\u011bny \u017e\u00e1dn\u00e9 spoje pomoc\u00ed sva\u0159ov\u00e1n\u00ed.<\/li>\n<li>Podlaha hlavn\u00edch podest a vyhl\u00eddkov\u00e9ho ochozu je navr\u017eena z d\u0159ev\u011bn\u00fdch fo\u0161en tl. 50 mm. D\u0159ev\u011bn\u00e1 konstrukce je sestavena z d\u0159ev\u011bn\u00fdch krokv\u00ed ulo\u017een\u00fdch na ocelov\u00e9 konstrukci.<\/li>\n<li>Na konstrukci krovu bude osazeno d\u0159ev\u011bn\u00e9 bedn\u011bn\u00ed z OSB desek P+D tl.24mm a vrchn\u00ed st\u0159e\u0161n\u00ed krytina z m\u011bd\u011bn\u00e9ho plechu. Na bedn\u011bn\u00ed bude ulo\u017eena odv\u011btr\u00e1vac\u00ed difuzn\u00ed folie (nap\u0159. DELTA Trela Plus).<\/li>\n<li>Opl\u00e1\u0161t\u011bn\u00ed horn\u00ed \u010d\u00e1sti rozhledny z ocelov\u00e9 konstrukce bude provedeno z desek vytvo\u0159en\u00fdch z mod\u0159\u00ednov\u00fdch prken tl.30mm kladen\u00fdch s p\u0159esahem (na \u0161upiny) a kotven\u00fdch na horizont\u00e1ln\u00ed pa\u017ed\u00edky z ocelov\u00fdch profil\u016f. V\u00fdrobn\u00ed dokumentace d\u0159ev\u011bn\u00e9ho pl\u00e1\u0161t\u011b je sou\u010d\u00e1st\u00ed dod\u00e1vky stavby. Skladba d\u0159ev\u011bn\u00e9ho opl\u00e1\u0161t\u011bn\u00ed bude vypracov\u00e1na a\u017e na z\u00e1klad\u011b v\u00fdrobn\u00ed dokumentace ocelov\u00e9 konstrukce.<\/li>\n<li>Jednotliv\u00e9 desky opl\u00e1\u0161t\u011bn\u00ed budou kotveny tak, aby bylo mo\u017eno v p\u0159\u00edpad\u011b nutnosti prov\u00e1d\u011bt v\u00fdm\u011bnu jednotliv\u00fdch desek z vnit\u0159ku rozhledny. Desky budou o velikosti cca 900\/1500mm aby bylo mo\u017en\u00e9 s deskami manipulovat.<\/li>\n<li>Klemp\u00ed\u0159sk\u00e9 prvky budou provedeny z m\u011bd\u011bn\u00e9ho plechu. St\u0159e\u0161n\u00ed krytina bude provedena z m\u011bd\u011bn\u00e9 falcovan\u00e9 krytiny kladen\u00e9 na bedn\u011bn\u00ed z OSB desek na P+D tl.24mm.<\/li>\n<li>Na krytinu bude pou\u017eit m\u011bd\u011bn\u00fd plech v tl.1 mm. V\u0161echny ostatn\u00ed klemp\u00ed\u0159sk\u00e9 konstrukce budou tak\u00e9 provedeny z m\u011bd\u011bn\u00e9ho plechu tl.0,7mm.<\/li>\n<li>P\u0159ed zah\u00e1jen\u00edm beton\u00e1\u017ee svisl\u00e9 \u017eelezobetonov\u00e9 konstrukce spodn\u00ed \u010d\u00e1sti bude provedena nat\u00edran\u00e1 cementov\u00e1 hydroizolace AQUAFIN DS.<\/li>\n<li>V\u00fdpln\u011b otvor\u016f jsou navr\u017eeny ve spodn\u00ed \u010d\u00e1sti jak plastov\u00e1 okna s fixn\u00edm zasklen\u00edm se zasklen\u00edm z jednoduch\u00fdm bezpe\u010dnostn\u00edm sklem v tl.6mm.<\/li>\n<li>Plastov\u00e1 okna budou v proveden\u00ed \u0161ed\u00e1 na vn\u011bj\u0161\u00ed stran\u011b, b\u00edl\u00e1 uvnit\u0159.\u00a0 V\u00fdpln\u011b otvor\u016f v horn\u00ed \u010d\u00e1sti s ocelovou konstrukc\u00ed s d\u0159ev\u011bn\u00fdm opl\u00e1\u0161t\u011bn\u00edm jsou navr\u017eena jako d\u0159ev\u011bn\u00e1 okna z EURO profil\u016f. \u010c\u00e1ste\u010dn\u011b jsou navr\u017eena okna s fixn\u00edm zasklen\u00edm bezpe\u010dnostn\u00edm sklem v tl.6mm a \u010d\u00e1ste\u010dn\u011b jako skl\u00e1p\u011bc\u00ed v\u010detn\u011b uzamykateln\u00e9ho kov\u00e1n\u00ed. Hlavn\u00ed okna pro v\u00fdhled na v\u00fdhledov\u00e9 plo\u0161in\u011b jsou navr\u017eena jako atypick\u00e9 posuvn\u00e9. Polovina okna je fixn\u00ed a polovina jako posuvn\u00e1 otev\u00edrav\u00e1.<\/li>\n<li>Vnit\u0159n\u00ed dve\u0159e do skladu budou provedeny jako pln\u00e9 plechov\u00e9 do ocelov\u00e9 z\u00e1rubn\u011b. Dve\u0159e budou osazeny v\u010detn\u011b kov\u00e1n\u00ed a bezpe\u010dnostn\u00edho z\u00e1mku. Hlavn\u00ed vstupn\u00ed 2-k\u0159\u00eddl\u00e9 atypick\u00e9 dve\u0159e, ocelov\u00fd plech, \u017e\u00e1rov\u011b zinkovan\u00fd, v\u010d. z\u00e1rubn\u011b, prosklen\u00ed bezpe\u010dnostn\u00ed pr\u016fsvitn\u00e9 sklo. Dve\u0159e budou osazeny v\u010detn\u011b kov\u00e1n\u00ed a bezpe\u010dnostn\u00edho z\u00e1mku.<\/li>\n<li>\u00dapravy povrch\u016f -podlahy \u2013 \u017eelezobetonov\u00e9 konstrukce podlahy bude opat\u0159ena ochrann\u00fdm epoxidov\u00fdm n\u00e1t\u011brem s protiskluzn\u00fdm vsypem.<\/li>\n<li>St\u011bny \u2013 na zd\u011bnou p\u0159\u00ed\u010dku skladu v I.NP bude provedena hladk\u00e1 cementov\u00e1 om\u00edtka st\u00e1vaj\u00edc\u00ed om\u00edtky jsou v\u00e1penocementov\u00e9 \u0161tukov\u00e9 \u017eelezobetonov\u00e9 konstrukce bude ponech\u00e1na bez dal\u0161\u00ed povrchov\u00e9 \u00fapravy \u2013 pouze bude opat\u0159ena transparentn\u00edm ochrann\u00fdm n\u00e1t\u011brem.<\/li>\n<li>Stropy &#8211; v\u00e1penocementov\u00e1 \u0161tukov\u00e1 om\u00edtka v prostoru skladu.<\/li>\n<li>V doln\u00ed \u017eelezobetonov\u00e9 \u010d\u00e1sti bude na vn\u011bj\u0161\u00ed stran\u011b schodi\u0161\u0165ov\u00e9ho ramene osazeno ocelov\u00e9 madlo kotven\u00e9 do \u017dB st\u011bny. Na vnit\u0159n\u00ed stran\u011b schodi\u0161t\u011b bude provedeno ocelov\u00e9 z\u00e1bradl\u00ed z nosn\u00fdch kruhov\u00fdch trubek a svisl\u00fdch v\u00fdpl\u0148ov\u00fdch ty\u010d\u00ed.<\/li>\n<li>Ocelov\u00e1 konstrukce bude \u017e\u00e1rov\u011b zinkov\u00e1na. Na stavb\u011b nebudou prov\u00e1d\u011bny \u017e\u00e1dn\u00e9 spoje pomoc\u00ed sva\u0159ov\u00e1n\u00ed.<\/li>\n<li>Vnit\u0159n\u00ed om\u00edtnut\u00e9 st\u011bny opat\u0159en\u00e9 \u0161tukovou om\u00edtkou budou vymalov\u00e1ny ve sv\u011btl\u00fdch odst\u00ednech (sklad) \u2013 sv\u011btle \u0161ed\u00e1. Vzorky v\u0161ech n\u00e1t\u011br\u016f budou up\u0159esn\u011bny a konsultov\u00e1ny projektantem p\u0159i prov\u00e1d\u011bn\u00ed.<\/li>\n<li>Ve\u0161ker\u00e9 d\u0159ev\u011bn\u00e9 konstrukce budou opat\u0159eny n\u00e1t\u011brem proti pl\u00edsn\u00edm a d\u0159evokazn\u00e9mu hmyzu a houb\u00e1m. D\u0159ev\u011bn\u00fd pl\u00e1\u0161\u0165 z mod\u0159\u00ednov\u00e9ho \u0159eziva a d\u0159ev\u011bn\u00e1 konstrukce krovu budou opat\u0159ena lazurovac\u00edm n\u00e1t\u011brem. Po obvod\u011b rozhledny bude provedena pochoz\u00ed zpevn\u011bn\u00e1 plocha z betonov\u00e9 z\u00e1mkov\u00e9 dla\u017eby.<\/li>\n<li>Bude pou\u017eita dla\u017eba v tl.60mm kladen\u00e1 do \u0161t\u011brkov\u00e9ho lo\u017ee.<\/li>\n<\/ul>\n<ul><\/ul>\n<p>&nbsp;<\/p>\n<p><img loading=\"lazy\" decoding=\"async\" src=\"https:\/\/ceskysmaragd.cz\/wp-content\/uploads\/2019\/07\/cesky_smaragd_logo_title-300x39.png\" alt=\"\" width=\"300\" height=\"39\" class=\"size-medium wp-image-17 aligncenter\" srcset=\"https:\/\/ceskysmaragd.cz\/wp-content\/uploads\/2019\/07\/cesky_smaragd_logo_title-300x39.png 300w, https:\/\/ceskysmaragd.cz\/wp-content\/uploads\/2019\/07\/cesky_smaragd_logo_title.png 600w\" sizes=\"auto, (max-width: 300px) 100vw, 300px\" \/><\/p>\n","protected":false},"excerpt":{"rendered":"<p>Za\u010d\u00e1tek \u00a0n\u00e1padu na stavbu rozhledny byl od roku 2003. Do roku 2006 se jednalo s Lesy \u010cR. Prvotn\u00ed jedn\u00e1n\u00ed s\u00a0Lesy \u010cR \u2013 necht\u011bli povolit stavbu. Prvn\u00ed n\u00e1st\u0159el rozhledny byla celod\u0159ev\u011bn\u00e1 uzav\u0159en\u00e1 v\u011b\u017e s\u00a0 v\u00fd\u0161kou cca 31 metr\u016f. Z hlediska realizace nebylo mo\u017en\u00e9 \u2013 po\u017e\u00e1rn\u00ed zpr\u00e1va byla nevyhovuj\u00edc\u00ed. Dal\u0161\u00ed projekt byl [&hellip;]<\/p>\n","protected":false},"author":4,"featured_media":0,"parent":407,"menu_order":0,"comment_status":"closed","ping_status":"closed","template":"","meta":{"footnotes":""},"class_list":["post-412","page","type-page","status-publish","hentry"],"_links":{"self":[{"href":"https:\/\/ceskysmaragd.cz\/index.php?rest_route=\/wp\/v2\/pages\/412","targetHints":{"allow":["GET"]}}],"collection":[{"href":"https:\/\/ceskysmaragd.cz\/index.php?rest_route=\/wp\/v2\/pages"}],"about":[{"href":"https:\/\/ceskysmaragd.cz\/index.php?rest_route=\/wp\/v2\/types\/page"}],"author":[{"embeddable":true,"href":"https:\/\/ceskysmaragd.cz\/index.php?rest_route=\/wp\/v2\/users\/4"}],"replies":[{"embeddable":true,"href":"https:\/\/ceskysmaragd.cz\/index.php?rest_route=%2Fwp%2Fv2%2Fcomments&post=412"}],"version-history":[{"count":13,"href":"https:\/\/ceskysmaragd.cz\/index.php?rest_route=\/wp\/v2\/pages\/412\/revisions"}],"predecessor-version":[{"id":543,"href":"https:\/\/ceskysmaragd.cz\/index.php?rest_route=\/wp\/v2\/pages\/412\/revisions\/543"}],"up":[{"embeddable":true,"href":"https:\/\/ceskysmaragd.cz\/index.php?rest_route=\/wp\/v2\/pages\/407"}],"wp:attachment":[{"href":"https:\/\/ceskysmaragd.cz\/index.php?rest_route=%2Fwp%2Fv2%2Fmedia&parent=412"}],"curies":[{"name":"wp","href":"https:\/\/api.w.org\/{rel}","templated":true}]}}