{"id":574,"date":"2021-12-06T21:35:26","date_gmt":"2021-12-06T21:35:26","guid":{"rendered":"http:\/\/ceskysmaragd.cz\/?page_id=574"},"modified":"2021-12-06T21:56:38","modified_gmt":"2021-12-06T21:56:38","slug":"slavnostni-otevreni-rozhledny-27-11-2021","status":"publish","type":"page","link":"https:\/\/ceskysmaragd.cz\/?page_id=574","title":{"rendered":"Slavnostn\u00ed otev\u0159en\u00ed rozhledny &#8211; 27.11.2021"},"content":{"rendered":"<p><img loading=\"lazy\" decoding=\"async\" src=\"https:\/\/ceskysmaragd.cz\/wp-content\/uploads\/2021\/12\/DAN_7055-683x1024.jpg\" alt=\"\" width=\"683\" height=\"1024\" class=\"size-large wp-image-577 aligncenter\" srcset=\"https:\/\/ceskysmaragd.cz\/wp-content\/uploads\/2021\/12\/DAN_7055-683x1024.jpg 683w, https:\/\/ceskysmaragd.cz\/wp-content\/uploads\/2021\/12\/DAN_7055-200x300.jpg 200w, https:\/\/ceskysmaragd.cz\/wp-content\/uploads\/2021\/12\/DAN_7055-768x1152.jpg 768w, https:\/\/ceskysmaragd.cz\/wp-content\/uploads\/2021\/12\/DAN_7055-1024x1536.jpg 1024w, https:\/\/ceskysmaragd.cz\/wp-content\/uploads\/2021\/12\/DAN_7055-1365x2048.jpg 1365w, https:\/\/ceskysmaragd.cz\/wp-content\/uploads\/2021\/12\/DAN_7055-scaled.jpg 1707w\" sizes=\"auto, (max-width: 683px) 100vw, 683px\" \/> <img loading=\"lazy\" decoding=\"async\" src=\"https:\/\/ceskysmaragd.cz\/wp-content\/uploads\/2021\/12\/DAN_7056-683x1024.jpg\" alt=\"\" width=\"683\" height=\"1024\" class=\"size-large wp-image-578 aligncenter\" srcset=\"https:\/\/ceskysmaragd.cz\/wp-content\/uploads\/2021\/12\/DAN_7056-683x1024.jpg 683w, https:\/\/ceskysmaragd.cz\/wp-content\/uploads\/2021\/12\/DAN_7056-200x300.jpg 200w, https:\/\/ceskysmaragd.cz\/wp-content\/uploads\/2021\/12\/DAN_7056-768x1152.jpg 768w, https:\/\/ceskysmaragd.cz\/wp-content\/uploads\/2021\/12\/DAN_7056-1024x1536.jpg 1024w, https:\/\/ceskysmaragd.cz\/wp-content\/uploads\/2021\/12\/DAN_7056-1365x2048.jpg 1365w, https:\/\/ceskysmaragd.cz\/wp-content\/uploads\/2021\/12\/DAN_7056-scaled.jpg 1707w\" sizes=\"auto, (max-width: 683px) 100vw, 683px\" \/> <img loading=\"lazy\" decoding=\"async\" src=\"https:\/\/ceskysmaragd.cz\/wp-content\/uploads\/2021\/12\/DAN_7057-1024x683.jpg\" alt=\"\" width=\"750\" height=\"500\" class=\"size-large wp-image-579 aligncenter\" srcset=\"https:\/\/ceskysmaragd.cz\/wp-content\/uploads\/2021\/12\/DAN_7057-1024x683.jpg 1024w, https:\/\/ceskysmaragd.cz\/wp-content\/uploads\/2021\/12\/DAN_7057-300x200.jpg 300w, https:\/\/ceskysmaragd.cz\/wp-content\/uploads\/2021\/12\/DAN_7057-768x512.jpg 768w, https:\/\/ceskysmaragd.cz\/wp-content\/uploads\/2021\/12\/DAN_7057-1536x1024.jpg 1536w, https:\/\/ceskysmaragd.cz\/wp-content\/uploads\/2021\/12\/DAN_7057-2048x1365.jpg 2048w, https:\/\/ceskysmaragd.cz\/wp-content\/uploads\/2021\/12\/DAN_7057-360x240.jpg 360w\" sizes=\"auto, (max-width: 750px) 100vw, 750px\" \/> <img loading=\"lazy\" decoding=\"async\" src=\"https:\/\/ceskysmaragd.cz\/wp-content\/uploads\/2021\/12\/DAN_7059-1024x683.jpg\" alt=\"\" width=\"750\" height=\"500\" class=\"size-large wp-image-580 aligncenter\" srcset=\"https:\/\/ceskysmaragd.cz\/wp-content\/uploads\/2021\/12\/DAN_7059-1024x683.jpg 1024w, https:\/\/ceskysmaragd.cz\/wp-content\/uploads\/2021\/12\/DAN_7059-300x200.jpg 300w, https:\/\/ceskysmaragd.cz\/wp-content\/uploads\/2021\/12\/DAN_7059-768x512.jpg 768w, https:\/\/ceskysmaragd.cz\/wp-content\/uploads\/2021\/12\/DAN_7059-1536x1024.jpg 1536w, https:\/\/ceskysmaragd.cz\/wp-content\/uploads\/2021\/12\/DAN_7059-2048x1365.jpg 2048w, https:\/\/ceskysmaragd.cz\/wp-content\/uploads\/2021\/12\/DAN_7059-360x240.jpg 360w\" sizes=\"auto, (max-width: 750px) 100vw, 750px\" \/> <img loading=\"lazy\" decoding=\"async\" src=\"https:\/\/ceskysmaragd.cz\/wp-content\/uploads\/2021\/12\/DAN_7060-1024x683.jpg\" alt=\"\" width=\"750\" height=\"500\" class=\"size-large wp-image-581 aligncenter\" srcset=\"https:\/\/ceskysmaragd.cz\/wp-content\/uploads\/2021\/12\/DAN_7060-1024x683.jpg 1024w, https:\/\/ceskysmaragd.cz\/wp-content\/uploads\/2021\/12\/DAN_7060-300x200.jpg 300w, https:\/\/ceskysmaragd.cz\/wp-content\/uploads\/2021\/12\/DAN_7060-768x512.jpg 768w, https:\/\/ceskysmaragd.cz\/wp-content\/uploads\/2021\/12\/DAN_7060-1536x1024.jpg 1536w, https:\/\/ceskysmaragd.cz\/wp-content\/uploads\/2021\/12\/DAN_7060-2048x1365.jpg 2048w, https:\/\/ceskysmaragd.cz\/wp-content\/uploads\/2021\/12\/DAN_7060-360x240.jpg 360w\" sizes=\"auto, (max-width: 750px) 100vw, 750px\" \/> <img loading=\"lazy\" decoding=\"async\" src=\"https:\/\/ceskysmaragd.cz\/wp-content\/uploads\/2021\/12\/DAN_7061-1024x683.jpg\" alt=\"\" width=\"750\" height=\"500\" class=\"size-large wp-image-582 aligncenter\" srcset=\"https:\/\/ceskysmaragd.cz\/wp-content\/uploads\/2021\/12\/DAN_7061-1024x683.jpg 1024w, https:\/\/ceskysmaragd.cz\/wp-content\/uploads\/2021\/12\/DAN_7061-300x200.jpg 300w, https:\/\/ceskysmaragd.cz\/wp-content\/uploads\/2021\/12\/DAN_7061-768x512.jpg 768w, https:\/\/ceskysmaragd.cz\/wp-content\/uploads\/2021\/12\/DAN_7061-1536x1024.jpg 1536w, https:\/\/ceskysmaragd.cz\/wp-content\/uploads\/2021\/12\/DAN_7061-2048x1365.jpg 2048w, https:\/\/ceskysmaragd.cz\/wp-content\/uploads\/2021\/12\/DAN_7061-360x240.jpg 360w\" sizes=\"auto, (max-width: 750px) 100vw, 750px\" \/> <img loading=\"lazy\" decoding=\"async\" src=\"https:\/\/ceskysmaragd.cz\/wp-content\/uploads\/2021\/12\/DAN_7063-1024x683.jpg\" alt=\"\" width=\"750\" height=\"500\" class=\"size-large wp-image-583 aligncenter\" srcset=\"https:\/\/ceskysmaragd.cz\/wp-content\/uploads\/2021\/12\/DAN_7063-1024x683.jpg 1024w, https:\/\/ceskysmaragd.cz\/wp-content\/uploads\/2021\/12\/DAN_7063-300x200.jpg 300w, https:\/\/ceskysmaragd.cz\/wp-content\/uploads\/2021\/12\/DAN_7063-768x512.jpg 768w, https:\/\/ceskysmaragd.cz\/wp-content\/uploads\/2021\/12\/DAN_7063-1536x1024.jpg 1536w, https:\/\/ceskysmaragd.cz\/wp-content\/uploads\/2021\/12\/DAN_7063-2048x1365.jpg 2048w, https:\/\/ceskysmaragd.cz\/wp-content\/uploads\/2021\/12\/DAN_7063-360x240.jpg 360w\" sizes=\"auto, (max-width: 750px) 100vw, 750px\" \/> <img loading=\"lazy\" decoding=\"async\" src=\"https:\/\/ceskysmaragd.cz\/wp-content\/uploads\/2021\/12\/DAN_7064-1024x683.jpg\" alt=\"\" width=\"750\" height=\"500\" class=\"size-large wp-image-584 aligncenter\" srcset=\"https:\/\/ceskysmaragd.cz\/wp-content\/uploads\/2021\/12\/DAN_7064-1024x683.jpg 1024w, https:\/\/ceskysmaragd.cz\/wp-content\/uploads\/2021\/12\/DAN_7064-300x200.jpg 300w, https:\/\/ceskysmaragd.cz\/wp-content\/uploads\/2021\/12\/DAN_7064-768x512.jpg 768w, https:\/\/ceskysmaragd.cz\/wp-content\/uploads\/2021\/12\/DAN_7064-1536x1024.jpg 1536w, https:\/\/ceskysmaragd.cz\/wp-content\/uploads\/2021\/12\/DAN_7064-2048x1365.jpg 2048w, https:\/\/ceskysmaragd.cz\/wp-content\/uploads\/2021\/12\/DAN_7064-360x240.jpg 360w\" sizes=\"auto, (max-width: 750px) 100vw, 750px\" \/> <img loading=\"lazy\" decoding=\"async\" src=\"https:\/\/ceskysmaragd.cz\/wp-content\/uploads\/2021\/12\/DAN_7065-1024x683.jpg\" alt=\"\" width=\"750\" height=\"500\" class=\"size-large wp-image-585 aligncenter\" srcset=\"https:\/\/ceskysmaragd.cz\/wp-content\/uploads\/2021\/12\/DAN_7065-1024x683.jpg 1024w, https:\/\/ceskysmaragd.cz\/wp-content\/uploads\/2021\/12\/DAN_7065-300x200.jpg 300w, https:\/\/ceskysmaragd.cz\/wp-content\/uploads\/2021\/12\/DAN_7065-768x512.jpg 768w, https:\/\/ceskysmaragd.cz\/wp-content\/uploads\/2021\/12\/DAN_7065-1536x1024.jpg 1536w, https:\/\/ceskysmaragd.cz\/wp-content\/uploads\/2021\/12\/DAN_7065-2048x1365.jpg 2048w, https:\/\/ceskysmaragd.cz\/wp-content\/uploads\/2021\/12\/DAN_7065-360x240.jpg 360w\" sizes=\"auto, (max-width: 750px) 100vw, 750px\" \/> <img loading=\"lazy\" decoding=\"async\" src=\"https:\/\/ceskysmaragd.cz\/wp-content\/uploads\/2021\/12\/DAN_7066-1024x683.jpg\" alt=\"\" width=\"750\" height=\"500\" class=\"size-large wp-image-586 aligncenter\" srcset=\"https:\/\/ceskysmaragd.cz\/wp-content\/uploads\/2021\/12\/DAN_7066-1024x683.jpg 1024w, https:\/\/ceskysmaragd.cz\/wp-content\/uploads\/2021\/12\/DAN_7066-300x200.jpg 300w, https:\/\/ceskysmaragd.cz\/wp-content\/uploads\/2021\/12\/DAN_7066-768x512.jpg 768w, https:\/\/ceskysmaragd.cz\/wp-content\/uploads\/2021\/12\/DAN_7066-1536x1024.jpg 1536w, https:\/\/ceskysmaragd.cz\/wp-content\/uploads\/2021\/12\/DAN_7066-2048x1365.jpg 2048w, https:\/\/ceskysmaragd.cz\/wp-content\/uploads\/2021\/12\/DAN_7066-360x240.jpg 360w\" sizes=\"auto, (max-width: 750px) 100vw, 750px\" \/> <img loading=\"lazy\" decoding=\"async\" src=\"https:\/\/ceskysmaragd.cz\/wp-content\/uploads\/2021\/12\/DAN_7067-1024x683.jpg\" alt=\"\" width=\"750\" height=\"500\" class=\"size-large wp-image-587 aligncenter\" srcset=\"https:\/\/ceskysmaragd.cz\/wp-content\/uploads\/2021\/12\/DAN_7067-1024x683.jpg 1024w, https:\/\/ceskysmaragd.cz\/wp-content\/uploads\/2021\/12\/DAN_7067-300x200.jpg 300w, https:\/\/ceskysmaragd.cz\/wp-content\/uploads\/2021\/12\/DAN_7067-768x512.jpg 768w, https:\/\/ceskysmaragd.cz\/wp-content\/uploads\/2021\/12\/DAN_7067-1536x1024.jpg 1536w, https:\/\/ceskysmaragd.cz\/wp-content\/uploads\/2021\/12\/DAN_7067-2048x1365.jpg 2048w, https:\/\/ceskysmaragd.cz\/wp-content\/uploads\/2021\/12\/DAN_7067-360x240.jpg 360w\" sizes=\"auto, (max-width: 750px) 100vw, 750px\" \/> <img loading=\"lazy\" decoding=\"async\" src=\"https:\/\/ceskysmaragd.cz\/wp-content\/uploads\/2021\/12\/DAN_7070-1024x683.jpg\" alt=\"\" width=\"750\" height=\"500\" class=\"size-large wp-image-588 aligncenter\" srcset=\"https:\/\/ceskysmaragd.cz\/wp-content\/uploads\/2021\/12\/DAN_7070-1024x683.jpg 1024w, https:\/\/ceskysmaragd.cz\/wp-content\/uploads\/2021\/12\/DAN_7070-300x200.jpg 300w, https:\/\/ceskysmaragd.cz\/wp-content\/uploads\/2021\/12\/DAN_7070-768x512.jpg 768w, https:\/\/ceskysmaragd.cz\/wp-content\/uploads\/2021\/12\/DAN_7070-1536x1024.jpg 1536w, https:\/\/ceskysmaragd.cz\/wp-content\/uploads\/2021\/12\/DAN_7070-2048x1365.jpg 2048w, https:\/\/ceskysmaragd.cz\/wp-content\/uploads\/2021\/12\/DAN_7070-360x240.jpg 360w\" sizes=\"auto, (max-width: 750px) 100vw, 750px\" \/> <img loading=\"lazy\" decoding=\"async\" src=\"https:\/\/ceskysmaragd.cz\/wp-content\/uploads\/2021\/12\/DAN_7071-1024x683.jpg\" alt=\"\" width=\"750\" height=\"500\" class=\"size-large wp-image-589 aligncenter\" srcset=\"https:\/\/ceskysmaragd.cz\/wp-content\/uploads\/2021\/12\/DAN_7071-1024x683.jpg 1024w, https:\/\/ceskysmaragd.cz\/wp-content\/uploads\/2021\/12\/DAN_7071-300x200.jpg 300w, https:\/\/ceskysmaragd.cz\/wp-content\/uploads\/2021\/12\/DAN_7071-768x512.jpg 768w, https:\/\/ceskysmaragd.cz\/wp-content\/uploads\/2021\/12\/DAN_7071-1536x1024.jpg 1536w, https:\/\/ceskysmaragd.cz\/wp-content\/uploads\/2021\/12\/DAN_7071-2048x1366.jpg 2048w, https:\/\/ceskysmaragd.cz\/wp-content\/uploads\/2021\/12\/DAN_7071-360x240.jpg 360w\" sizes=\"auto, (max-width: 750px) 100vw, 750px\" \/> <img loading=\"lazy\" decoding=\"async\" src=\"https:\/\/ceskysmaragd.cz\/wp-content\/uploads\/2021\/12\/DAN_7080-1024x683.jpg\" alt=\"\" width=\"750\" height=\"500\" class=\"size-large wp-image-590 aligncenter\" srcset=\"https:\/\/ceskysmaragd.cz\/wp-content\/uploads\/2021\/12\/DAN_7080-1024x683.jpg 1024w, https:\/\/ceskysmaragd.cz\/wp-content\/uploads\/2021\/12\/DAN_7080-300x200.jpg 300w, https:\/\/ceskysmaragd.cz\/wp-content\/uploads\/2021\/12\/DAN_7080-768x512.jpg 768w, https:\/\/ceskysmaragd.cz\/wp-content\/uploads\/2021\/12\/DAN_7080-1536x1024.jpg 1536w, https:\/\/ceskysmaragd.cz\/wp-content\/uploads\/2021\/12\/DAN_7080-2048x1365.jpg 2048w, https:\/\/ceskysmaragd.cz\/wp-content\/uploads\/2021\/12\/DAN_7080-360x240.jpg 360w\" sizes=\"auto, (max-width: 750px) 100vw, 750px\" \/> <img loading=\"lazy\" decoding=\"async\" src=\"https:\/\/ceskysmaragd.cz\/wp-content\/uploads\/2021\/12\/DAN_7083-1024x683.jpg\" alt=\"\" width=\"750\" height=\"500\" class=\"size-large wp-image-591 aligncenter\" srcset=\"https:\/\/ceskysmaragd.cz\/wp-content\/uploads\/2021\/12\/DAN_7083-1024x683.jpg 1024w, https:\/\/ceskysmaragd.cz\/wp-content\/uploads\/2021\/12\/DAN_7083-300x200.jpg 300w, https:\/\/ceskysmaragd.cz\/wp-content\/uploads\/2021\/12\/DAN_7083-768x512.jpg 768w, https:\/\/ceskysmaragd.cz\/wp-content\/uploads\/2021\/12\/DAN_7083-1536x1024.jpg 1536w, https:\/\/ceskysmaragd.cz\/wp-content\/uploads\/2021\/12\/DAN_7083-2048x1365.jpg 2048w, https:\/\/ceskysmaragd.cz\/wp-content\/uploads\/2021\/12\/DAN_7083-360x240.jpg 360w\" sizes=\"auto, (max-width: 750px) 100vw, 750px\" \/> <img loading=\"lazy\" decoding=\"async\" src=\"https:\/\/ceskysmaragd.cz\/wp-content\/uploads\/2021\/12\/DAN_7089-1024x683.jpg\" alt=\"\" width=\"750\" height=\"500\" class=\"size-large wp-image-592 aligncenter\" srcset=\"https:\/\/ceskysmaragd.cz\/wp-content\/uploads\/2021\/12\/DAN_7089-1024x683.jpg 1024w, https:\/\/ceskysmaragd.cz\/wp-content\/uploads\/2021\/12\/DAN_7089-300x200.jpg 300w, https:\/\/ceskysmaragd.cz\/wp-content\/uploads\/2021\/12\/DAN_7089-768x512.jpg 768w, https:\/\/ceskysmaragd.cz\/wp-content\/uploads\/2021\/12\/DAN_7089-1536x1024.jpg 1536w, https:\/\/ceskysmaragd.cz\/wp-content\/uploads\/2021\/12\/DAN_7089-2048x1365.jpg 2048w, https:\/\/ceskysmaragd.cz\/wp-content\/uploads\/2021\/12\/DAN_7089-360x240.jpg 360w\" sizes=\"auto, (max-width: 750px) 100vw, 750px\" \/> <img loading=\"lazy\" decoding=\"async\" src=\"https:\/\/ceskysmaragd.cz\/wp-content\/uploads\/2021\/12\/DAN_7090-1024x683.jpg\" alt=\"\" width=\"750\" height=\"500\" class=\"size-large wp-image-593 aligncenter\" srcset=\"https:\/\/ceskysmaragd.cz\/wp-content\/uploads\/2021\/12\/DAN_7090-1024x683.jpg 1024w, https:\/\/ceskysmaragd.cz\/wp-content\/uploads\/2021\/12\/DAN_7090-300x200.jpg 300w, https:\/\/ceskysmaragd.cz\/wp-content\/uploads\/2021\/12\/DAN_7090-768x512.jpg 768w, https:\/\/ceskysmaragd.cz\/wp-content\/uploads\/2021\/12\/DAN_7090-1536x1024.jpg 1536w, https:\/\/ceskysmaragd.cz\/wp-content\/uploads\/2021\/12\/DAN_7090-2048x1365.jpg 2048w, https:\/\/ceskysmaragd.cz\/wp-content\/uploads\/2021\/12\/DAN_7090-360x240.jpg 360w\" sizes=\"auto, (max-width: 750px) 100vw, 750px\" \/> <img loading=\"lazy\" decoding=\"async\" src=\"https:\/\/ceskysmaragd.cz\/wp-content\/uploads\/2021\/12\/DAN_7091-1024x683.jpg\" alt=\"\" width=\"750\" height=\"500\" class=\"size-large wp-image-594 aligncenter\" srcset=\"https:\/\/ceskysmaragd.cz\/wp-content\/uploads\/2021\/12\/DAN_7091-1024x683.jpg 1024w, https:\/\/ceskysmaragd.cz\/wp-content\/uploads\/2021\/12\/DAN_7091-300x200.jpg 300w, https:\/\/ceskysmaragd.cz\/wp-content\/uploads\/2021\/12\/DAN_7091-768x512.jpg 768w, https:\/\/ceskysmaragd.cz\/wp-content\/uploads\/2021\/12\/DAN_7091-1536x1024.jpg 1536w, https:\/\/ceskysmaragd.cz\/wp-content\/uploads\/2021\/12\/DAN_7091-2048x1365.jpg 2048w, https:\/\/ceskysmaragd.cz\/wp-content\/uploads\/2021\/12\/DAN_7091-360x240.jpg 360w\" sizes=\"auto, (max-width: 750px) 100vw, 750px\" \/> <img loading=\"lazy\" decoding=\"async\" src=\"https:\/\/ceskysmaragd.cz\/wp-content\/uploads\/2021\/12\/DAN_7092-1024x683.jpg\" alt=\"\" width=\"750\" height=\"500\" class=\"size-large wp-image-595 aligncenter\" srcset=\"https:\/\/ceskysmaragd.cz\/wp-content\/uploads\/2021\/12\/DAN_7092-1024x683.jpg 1024w, https:\/\/ceskysmaragd.cz\/wp-content\/uploads\/2021\/12\/DAN_7092-300x200.jpg 300w, https:\/\/ceskysmaragd.cz\/wp-content\/uploads\/2021\/12\/DAN_7092-768x512.jpg 768w, https:\/\/ceskysmaragd.cz\/wp-content\/uploads\/2021\/12\/DAN_7092-1536x1024.jpg 1536w, https:\/\/ceskysmaragd.cz\/wp-content\/uploads\/2021\/12\/DAN_7092-2048x1365.jpg 2048w, https:\/\/ceskysmaragd.cz\/wp-content\/uploads\/2021\/12\/DAN_7092-360x240.jpg 360w\" sizes=\"auto, (max-width: 750px) 100vw, 750px\" \/> <img loading=\"lazy\" decoding=\"async\" src=\"https:\/\/ceskysmaragd.cz\/wp-content\/uploads\/2021\/12\/DAN_7093-1024x683.jpg\" alt=\"\" width=\"750\" height=\"500\" class=\"size-large wp-image-596 aligncenter\" srcset=\"https:\/\/ceskysmaragd.cz\/wp-content\/uploads\/2021\/12\/DAN_7093-1024x683.jpg 1024w, https:\/\/ceskysmaragd.cz\/wp-content\/uploads\/2021\/12\/DAN_7093-300x200.jpg 300w, https:\/\/ceskysmaragd.cz\/wp-content\/uploads\/2021\/12\/DAN_7093-768x512.jpg 768w, https:\/\/ceskysmaragd.cz\/wp-content\/uploads\/2021\/12\/DAN_7093-1536x1024.jpg 1536w, https:\/\/ceskysmaragd.cz\/wp-content\/uploads\/2021\/12\/DAN_7093-2048x1365.jpg 2048w, https:\/\/ceskysmaragd.cz\/wp-content\/uploads\/2021\/12\/DAN_7093-360x240.jpg 360w\" sizes=\"auto, (max-width: 750px) 100vw, 750px\" \/> <img loading=\"lazy\" decoding=\"async\" src=\"https:\/\/ceskysmaragd.cz\/wp-content\/uploads\/2021\/12\/DAN_7096-1024x683.jpg\" alt=\"\" width=\"750\" height=\"500\" class=\"size-large wp-image-597 aligncenter\" srcset=\"https:\/\/ceskysmaragd.cz\/wp-content\/uploads\/2021\/12\/DAN_7096-1024x683.jpg 1024w, https:\/\/ceskysmaragd.cz\/wp-content\/uploads\/2021\/12\/DAN_7096-300x200.jpg 300w, https:\/\/ceskysmaragd.cz\/wp-content\/uploads\/2021\/12\/DAN_7096-768x512.jpg 768w, https:\/\/ceskysmaragd.cz\/wp-content\/uploads\/2021\/12\/DAN_7096-1536x1024.jpg 1536w, https:\/\/ceskysmaragd.cz\/wp-content\/uploads\/2021\/12\/DAN_7096-2048x1365.jpg 2048w, https:\/\/ceskysmaragd.cz\/wp-content\/uploads\/2021\/12\/DAN_7096-360x240.jpg 360w\" sizes=\"auto, (max-width: 750px) 100vw, 750px\" \/> <img loading=\"lazy\" decoding=\"async\" src=\"https:\/\/ceskysmaragd.cz\/wp-content\/uploads\/2021\/12\/DAN_7097-1024x683.jpg\" alt=\"\" width=\"750\" height=\"500\" class=\"size-large wp-image-598 aligncenter\" srcset=\"https:\/\/ceskysmaragd.cz\/wp-content\/uploads\/2021\/12\/DAN_7097-1024x683.jpg 1024w, https:\/\/ceskysmaragd.cz\/wp-content\/uploads\/2021\/12\/DAN_7097-300x200.jpg 300w, https:\/\/ceskysmaragd.cz\/wp-content\/uploads\/2021\/12\/DAN_7097-768x512.jpg 768w, https:\/\/ceskysmaragd.cz\/wp-content\/uploads\/2021\/12\/DAN_7097-1536x1024.jpg 1536w, https:\/\/ceskysmaragd.cz\/wp-content\/uploads\/2021\/12\/DAN_7097-2048x1365.jpg 2048w, https:\/\/ceskysmaragd.cz\/wp-content\/uploads\/2021\/12\/DAN_7097-360x240.jpg 360w\" sizes=\"auto, (max-width: 750px) 100vw, 750px\" \/> <img loading=\"lazy\" decoding=\"async\" src=\"https:\/\/ceskysmaragd.cz\/wp-content\/uploads\/2021\/12\/DAN_7099-1024x683.jpg\" alt=\"\" width=\"750\" height=\"500\" class=\"size-large wp-image-599 aligncenter\" srcset=\"https:\/\/ceskysmaragd.cz\/wp-content\/uploads\/2021\/12\/DAN_7099-1024x683.jpg 1024w, https:\/\/ceskysmaragd.cz\/wp-content\/uploads\/2021\/12\/DAN_7099-300x200.jpg 300w, https:\/\/ceskysmaragd.cz\/wp-content\/uploads\/2021\/12\/DAN_7099-768x512.jpg 768w, https:\/\/ceskysmaragd.cz\/wp-content\/uploads\/2021\/12\/DAN_7099-1536x1024.jpg 1536w, https:\/\/ceskysmaragd.cz\/wp-content\/uploads\/2021\/12\/DAN_7099-2048x1365.jpg 2048w, https:\/\/ceskysmaragd.cz\/wp-content\/uploads\/2021\/12\/DAN_7099-360x240.jpg 360w\" sizes=\"auto, (max-width: 750px) 100vw, 750px\" \/> <img loading=\"lazy\" decoding=\"async\" src=\"https:\/\/ceskysmaragd.cz\/wp-content\/uploads\/2021\/12\/DAN_7100-1024x683.jpg\" alt=\"\" width=\"750\" height=\"500\" class=\"size-large wp-image-600 aligncenter\" srcset=\"https:\/\/ceskysmaragd.cz\/wp-content\/uploads\/2021\/12\/DAN_7100-1024x683.jpg 1024w, https:\/\/ceskysmaragd.cz\/wp-content\/uploads\/2021\/12\/DAN_7100-300x200.jpg 300w, https:\/\/ceskysmaragd.cz\/wp-content\/uploads\/2021\/12\/DAN_7100-768x512.jpg 768w, https:\/\/ceskysmaragd.cz\/wp-content\/uploads\/2021\/12\/DAN_7100-1536x1024.jpg 1536w, https:\/\/ceskysmaragd.cz\/wp-content\/uploads\/2021\/12\/DAN_7100-2048x1365.jpg 2048w, https:\/\/ceskysmaragd.cz\/wp-content\/uploads\/2021\/12\/DAN_7100-360x240.jpg 360w\" sizes=\"auto, (max-width: 750px) 100vw, 750px\" \/> <img loading=\"lazy\" decoding=\"async\" src=\"https:\/\/ceskysmaragd.cz\/wp-content\/uploads\/2021\/12\/DAN_7102-1024x683.jpg\" alt=\"\" width=\"750\" height=\"500\" class=\"size-large wp-image-601 aligncenter\" srcset=\"https:\/\/ceskysmaragd.cz\/wp-content\/uploads\/2021\/12\/DAN_7102-1024x683.jpg 1024w, https:\/\/ceskysmaragd.cz\/wp-content\/uploads\/2021\/12\/DAN_7102-300x200.jpg 300w, https:\/\/ceskysmaragd.cz\/wp-content\/uploads\/2021\/12\/DAN_7102-768x512.jpg 768w, https:\/\/ceskysmaragd.cz\/wp-content\/uploads\/2021\/12\/DAN_7102-1536x1024.jpg 1536w, https:\/\/ceskysmaragd.cz\/wp-content\/uploads\/2021\/12\/DAN_7102-2048x1365.jpg 2048w, https:\/\/ceskysmaragd.cz\/wp-content\/uploads\/2021\/12\/DAN_7102-360x240.jpg 360w\" sizes=\"auto, (max-width: 750px) 100vw, 750px\" \/><\/p>\n<p>&nbsp;<\/p>\n<p>&nbsp;<\/p>\n<p><img loading=\"lazy\" decoding=\"async\" src=\"https:\/\/ceskysmaragd.cz\/wp-content\/uploads\/2019\/07\/cesky_smaragd_logo_title.png\" alt=\"\" width=\"600\" height=\"78\" class=\"alignnone size-full wp-image-17\" srcset=\"https:\/\/ceskysmaragd.cz\/wp-content\/uploads\/2019\/07\/cesky_smaragd_logo_title.png 600w, https:\/\/ceskysmaragd.cz\/wp-content\/uploads\/2019\/07\/cesky_smaragd_logo_title-300x39.png 300w\" sizes=\"auto, (max-width: 600px) 100vw, 600px\" \/><\/p>\n","protected":false},"excerpt":{"rendered":"<p>&nbsp; &nbsp;<\/p>\n","protected":false},"author":4,"featured_media":0,"parent":407,"menu_order":0,"comment_status":"closed","ping_status":"closed","template":"","meta":{"footnotes":""},"class_list":["post-574","page","type-page","status-publish","hentry"],"_links":{"self":[{"href":"https:\/\/ceskysmaragd.cz\/index.php?rest_route=\/wp\/v2\/pages\/574","targetHints":{"allow":["GET"]}}],"collection":[{"href":"https:\/\/ceskysmaragd.cz\/index.php?rest_route=\/wp\/v2\/pages"}],"about":[{"href":"https:\/\/ceskysmaragd.cz\/index.php?rest_route=\/wp\/v2\/types\/page"}],"author":[{"embeddable":true,"href":"https:\/\/ceskysmaragd.cz\/index.php?rest_route=\/wp\/v2\/users\/4"}],"replies":[{"embeddable":true,"href":"https:\/\/ceskysmaragd.cz\/index.php?rest_route=%2Fwp%2Fv2%2Fcomments&post=574"}],"version-history":[{"count":5,"href":"https:\/\/ceskysmaragd.cz\/index.php?rest_route=\/wp\/v2\/pages\/574\/revisions"}],"predecessor-version":[{"id":602,"href":"https:\/\/ceskysmaragd.cz\/index.php?rest_route=\/wp\/v2\/pages\/574\/revisions\/602"}],"up":[{"embeddable":true,"href":"https:\/\/ceskysmaragd.cz\/index.php?rest_route=\/wp\/v2\/pages\/407"}],"wp:attachment":[{"href":"https:\/\/ceskysmaragd.cz\/index.php?rest_route=%2Fwp%2Fv2%2Fmedia&parent=574"}],"curies":[{"name":"wp","href":"https:\/\/api.w.org\/{rel}","templated":true}]}}