{"id":617,"date":"2021-12-29T15:56:18","date_gmt":"2021-12-29T15:56:18","guid":{"rendered":"http:\/\/ceskysmaragd.cz\/?page_id=617"},"modified":"2022-01-04T00:18:40","modified_gmt":"2022-01-04T00:18:40","slug":"financovani-projektu-rozhledny-kalamajka-na-javornicke-hure","status":"publish","type":"page","link":"https:\/\/ceskysmaragd.cz\/?page_id=617","title":{"rendered":"Financov\u00e1n\u00ed projektu rozhledny Kalamajka na Javornick\u00e9 h\u016f\u0159e"},"content":{"rendered":"<p><img loading=\"lazy\" decoding=\"async\" src=\"https:\/\/ceskysmaragd.cz\/wp-content\/uploads\/2021\/09\/Publicita_Rozhledna_bez-znacek-1024x724.jpg\" alt=\"\" width=\"750\" height=\"530\" class=\"aligncenter wp-image-541 size-large\" srcset=\"https:\/\/ceskysmaragd.cz\/wp-content\/uploads\/2021\/09\/Publicita_Rozhledna_bez-znacek-1024x724.jpg 1024w, https:\/\/ceskysmaragd.cz\/wp-content\/uploads\/2021\/09\/Publicita_Rozhledna_bez-znacek-300x212.jpg 300w, https:\/\/ceskysmaragd.cz\/wp-content\/uploads\/2021\/09\/Publicita_Rozhledna_bez-znacek-768x543.jpg 768w, https:\/\/ceskysmaragd.cz\/wp-content\/uploads\/2021\/09\/Publicita_Rozhledna_bez-znacek-1536x1087.jpg 1536w, https:\/\/ceskysmaragd.cz\/wp-content\/uploads\/2021\/09\/Publicita_Rozhledna_bez-znacek-2048x1449.jpg 2048w\" sizes=\"auto, (max-width: 750px) 100vw, 750px\" \/><\/p>\n<p style=\"text-align: center;\">\u00a0\u00a0\u00a0\u00a0\u00a0 Na financov\u00e1n\u00ed projektu se finan\u010dn\u011b pod\u00edlely v\u0161echny obce sdru\u017een\u00e9 v Mikroregionu \u010cesk\u00fd Smaragd stejn\u00fdm objemem finan\u010dn\u00edch prost\u0159edk\u016f na obyvatele podle sv\u00e9 velikosti a individu\u00e1ln\u00edm jednor\u00e1zov\u00fdm p\u0159\u00edsp\u011bvkem, takt\u00e9\u017e byly o finan\u010dn\u00ed pomo po\u017e\u00e1d\u00e1ny m\u011bsta, obce v na\u0161em okol\u00ed a d\u00e1le firmy a podnikatel\u00e9. Nemalou \u010d\u00e1stkou p\u0159isp\u011bli v\u0161ichni starostov\u00e9 mikroregionu.\u00a0 Takto shrom\u00e1\u017ed\u011bn\u00e9 prost\u0159edky byly pou\u017eity na dofinancov\u00e1n\u00ed spolu\u00fa\u010dasti mikroregionu. I tak bude zapot\u0159eb\u00ed dal\u0161\u00edch pen\u011bz na provoz a \u00fadr\u017ebu rozhledny.\u00a0 Vzhledem k uveden\u00e9 situaci bylo na jedn\u00e1n\u00ed starost\u016f mikroregionu rozhodnuto, \u017ee budou zdvo\u0159ile po\u017e\u00e1d\u00e1n\u00ed o p\u0159\u00edpadn\u00fd dar ob\u010dan\u00e9 obc\u00ed mikroregionu a p\u0159\u00edpadn\u00ed d\u00e1rci ostatn\u00edch obc\u00ed, bez ohledu na \u010dlenstv\u00ed jejich obc\u00ed v mikroregionu.<\/p>\n<h6 style=\"text-align: center;\"><strong>V\u00a0p\u0159\u00edpad\u011b z\u00e1jmu je mo\u017eno finan\u010dn\u00ed dar zaslat na adresu:<\/strong><\/h6>\n<h6 style=\"text-align: center;\"><strong>Mikroregion \u010cesk\u00fd smaragd, dobrovoln\u00fd svazek obc\u00ed<\/strong><\/h6>\n<h6 style=\"text-align: center;\"><strong>Javorn\u00edk 15,<\/strong><\/h6>\n<h6 style=\"text-align: center;\"><strong>25763 Trhov\u00fd \u0160t\u011bp\u00e1nov<\/strong><\/h6>\n<h6 style=\"text-align: center;\"><strong>\u010d. \u00fa\u010dtu : 2245723329\/0800,<\/strong><\/h6>\n<h6 style=\"text-align: center;\"><strong>jako var. symbol uve\u010fte jm\u00e9no a adresu.<\/strong><\/h6>\n<h6 style=\"text-align: center;\"><strong>Tyto \u00fadaje budou n\u00e1sledn\u011b um\u00edst\u011bny na pam\u011btn\u00ed desce na rozhledn\u011b.<\/strong><\/h6>\n<p>&nbsp;<\/p>\n<p>&nbsp;<\/p>\n<p><img loading=\"lazy\" decoding=\"async\" src=\"https:\/\/ceskysmaragd.cz\/wp-content\/uploads\/2019\/07\/cesky_smaragd_logo_title-300x39.png\" alt=\"\" width=\"300\" height=\"39\" class=\"aligncenter wp-image-17 size-medium\" srcset=\"https:\/\/ceskysmaragd.cz\/wp-content\/uploads\/2019\/07\/cesky_smaragd_logo_title-300x39.png 300w, https:\/\/ceskysmaragd.cz\/wp-content\/uploads\/2019\/07\/cesky_smaragd_logo_title.png 600w\" sizes=\"auto, (max-width: 300px) 100vw, 300px\" \/><\/p>\n","protected":false},"excerpt":{"rendered":"<p>\u00a0\u00a0\u00a0\u00a0\u00a0 Na financov\u00e1n\u00ed projektu se finan\u010dn\u011b pod\u00edlely v\u0161echny obce sdru\u017een\u00e9 v Mikroregionu \u010cesk\u00fd Smaragd stejn\u00fdm objemem finan\u010dn\u00edch prost\u0159edk\u016f na obyvatele podle sv\u00e9 velikosti a individu\u00e1ln\u00edm jednor\u00e1zov\u00fdm p\u0159\u00edsp\u011bvkem, takt\u00e9\u017e byly o finan\u010dn\u00ed pomo po\u017e\u00e1d\u00e1ny m\u011bsta, obce v na\u0161em okol\u00ed a d\u00e1le firmy a podnikatel\u00e9. Nemalou \u010d\u00e1stkou p\u0159isp\u011bli v\u0161ichni starostov\u00e9 mikroregionu.\u00a0 Takto [&hellip;]<\/p>\n","protected":false},"author":4,"featured_media":0,"parent":407,"menu_order":0,"comment_status":"closed","ping_status":"closed","template":"","meta":{"footnotes":""},"class_list":["post-617","page","type-page","status-publish","hentry"],"_links":{"self":[{"href":"https:\/\/ceskysmaragd.cz\/index.php?rest_route=\/wp\/v2\/pages\/617","targetHints":{"allow":["GET"]}}],"collection":[{"href":"https:\/\/ceskysmaragd.cz\/index.php?rest_route=\/wp\/v2\/pages"}],"about":[{"href":"https:\/\/ceskysmaragd.cz\/index.php?rest_route=\/wp\/v2\/types\/page"}],"author":[{"embeddable":true,"href":"https:\/\/ceskysmaragd.cz\/index.php?rest_route=\/wp\/v2\/users\/4"}],"replies":[{"embeddable":true,"href":"https:\/\/ceskysmaragd.cz\/index.php?rest_route=%2Fwp%2Fv2%2Fcomments&post=617"}],"version-history":[{"count":5,"href":"https:\/\/ceskysmaragd.cz\/index.php?rest_route=\/wp\/v2\/pages\/617\/revisions"}],"predecessor-version":[{"id":658,"href":"https:\/\/ceskysmaragd.cz\/index.php?rest_route=\/wp\/v2\/pages\/617\/revisions\/658"}],"up":[{"embeddable":true,"href":"https:\/\/ceskysmaragd.cz\/index.php?rest_route=\/wp\/v2\/pages\/407"}],"wp:attachment":[{"href":"https:\/\/ceskysmaragd.cz\/index.php?rest_route=%2Fwp%2Fv2%2Fmedia&parent=617"}],"curies":[{"name":"wp","href":"https:\/\/api.w.org\/{rel}","templated":true}]}}