{"id":621,"date":"2021-12-29T16:16:33","date_gmt":"2021-12-29T16:16:33","guid":{"rendered":"http:\/\/ceskysmaragd.cz\/?page_id=621"},"modified":"2025-08-28T12:59:41","modified_gmt":"2025-08-28T10:59:41","slug":"provozni-rad-rozhledny-kalamajka-na-javornicke-hure","status":"publish","type":"page","link":"https:\/\/ceskysmaragd.cz\/?page_id=621","title":{"rendered":"Provozn\u00ed \u0159\u00e1d rozhledny Kalamajka na Javornick\u00e9 h\u016f\u0159e"},"content":{"rendered":"<p style=\"text-align: center;\"><strong><u><img loading=\"lazy\" decoding=\"async\" src=\"https:\/\/ceskysmaragd.cz\/wp-content\/uploads\/2022\/01\/Javornik_pohl1-150x150.jpg\" alt=\"\" width=\"150\" height=\"150\" class=\"aligncenter wp-image-650 size-thumbnail\" \/><\/u><\/strong><\/p>\n<p>Ka\u017ed\u00fd n\u00e1v\u0161t\u011bvn\u00edk je povinen sezn\u00e1mit se s\u00a0t\u00edmto provozn\u00edm \u0159\u00e1dem p\u0159ed vstupem do prostoru a okol\u00ed rozhledny. Sv\u00fdm vstupem stvrzuje, \u017ee se s\u00a0t\u00edmto provozn\u00edm \u0159\u00e1dem sezn\u00e1mil a pln\u011b souhlas\u00ed s\u00a0jeho obsahem.<\/p>\n<ol>\n<li>Rozhledna Kalamajka slou\u017e\u00ed ve\u0159ejnosti bezplatn\u011b a je provozov\u00e1na bez obsluhy. Rozhledna je p\u0159\u00edstupn\u00e1 po zap\u016fj\u010den\u00ed kl\u00ed\u010de. Kl\u00ed\u010de lze zap\u016fj\u010dit v\u00a0obci <a href=\"https:\/\/ceskysmaragd.cz\/?page_id=129\">Javorn\u00edk<\/a>, <a href=\"https:\/\/ceskysmaragd.cz\/?page_id=148\">Zdislavice<\/a>, <a href=\"https:\/\/ceskysmaragd.cz\/?page_id=142\">Rataje<\/a>, <a href=\"https:\/\/ceskysmaragd.cz\/?page_id=138\">Kladruby<\/a>, <a href=\"https:\/\/ceskysmaragd.cz\/?page_id=145\">Tichonice<\/a>.<\/li>\n<li>Vstup na rozhlednu pouze na vlastn\u00ed odpov\u011bdnost a nebezpe\u010d\u00ed. Provozovatel nenese odpov\u011bdnost za p\u0159\u00edpadn\u00e9 \u00fajmy na zdrav\u00ed a majetku. Takt\u00e9\u017e provozovatel rozhledny neodpov\u00edd\u00e1 za \u0161kody, kter\u00e9 n\u00e1v\u0161t\u011bvn\u00edk zp\u016fsob\u00ed sv\u00fdm jedn\u00e1n\u00edm v\u00a0rozporu s\u00a0t\u00edmto \u0159\u00e1dem.<\/li>\n<li>Provozovatel neodpov\u00edd\u00e1 za odlo\u017een\u00e9 nebo ztracen\u00e9 v\u011bci na vyhl\u00eddce rozhledny, stejn\u011b tak v\u00a0jej\u00edm okol\u00ed.<\/li>\n<li>Vstup <strong>d\u011bt\u00ed do 12 let <\/strong>je povolen pouze v\u00a0doprovodu osoby star\u0161\u00ed <strong>18 let.<\/strong><\/li>\n<li>P\u0159i hromadn\u00fdch n\u00e1v\u0161t\u011bv\u00e1ch mus\u00ed b\u00fdt na ka\u017ed\u00fdch 10 nezletil\u00fdch osob na rozhledn\u011b alespo\u0148 jedna zodpov\u011bdn\u00e1 osoba, star\u0161\u00ed 18 let, kter\u00e1 bude konat nad skupinou dozor. Tato osoba je povinna se sezn\u00e1mit s t\u00edmto provozn\u00edm \u0159\u00e1dem a obezn\u00e1mit s n\u00edm i osoby, nad kter\u00fdmi kon\u00e1 dozor.<\/li>\n<li>Na rozhlednu nen\u00ed povoleno vstupovat v\u00a0podnapil\u00e9m stavu \u010di pod vlivem omamn\u00fdch l\u00e1tek.<\/li>\n<li>V\u00fdstup na vyhl\u00eddku rozhledny nen\u00ed bezbari\u00e9rov\u00fd, a proto nen\u00ed ur\u010den pro osoby se zdravotn\u00edmi pot\u00ed\u017eemi \u010di jinak pohybov\u011b omezen\u00e9, kter\u00e9 by mohli ohrozit bezpe\u010dnost jich samotn\u00fdch, tak i ostatn\u00edch n\u00e1v\u0161t\u011bvn\u00edk\u016f.<\/li>\n<li>V\u00a0prostoru a okol\u00ed rozhledny plat\u00ed z\u00e1kaz kou\u0159en\u00ed.<\/li>\n<li>Na rozhlednu je zak\u00e1z\u00e1no vstupovat se zv\u00ed\u0159aty a stejn\u011b tak je nech\u00e1vat voln\u011b pob\u00edhat v\u00a0okol\u00ed rozhledny.<\/li>\n<li>Za nep\u0159\u00edzniv\u00fdch pov\u011btrnostn\u00edch podm\u00ednk\u00e1ch je zak\u00e1z\u00e1no otev\u00edrat okna.<\/li>\n<li>Z\u00e1kaz vstupu za nep\u0159\u00edzniv\u00e9ho po\u010das\u00ed (mlha, v\u00edtr, kroupy, bou\u0159ka, mr\u00e1z)<\/li>\n<li>Z\u00e1kaz vstupu a pob\u00fdv\u00e1n\u00ed za \u0161era a tmy<\/li>\n<li>V\u00a0okol\u00ed rozhledny je zak\u00e1z\u00e1no stanovat, bivakovat \u010di rozd\u011bl\u00e1vat ohe\u0148.<\/li>\n<li>Je zak\u00e1z\u00e1no po\u0161kozovat konstrukci, malovat nebo jin\u00fdm zp\u016fsobem znehodnocovat vn\u011bj\u0161\u00ed i vnit\u0159n\u00ed za\u0159\u00edzen\u00ed rozhledny.<\/li>\n<li>Ka\u017ed\u00fd n\u00e1v\u0161t\u011bvn\u00edk je povinen pohybovat se p\u0159i v\u00fdstupu i sestupu po schodi\u0161ti k\u00a0tomu ur\u010den\u00e9m a db\u00e1t opatrnosti sv\u00e9 i ostatn\u00edch n\u00e1v\u0161t\u011bvn\u00edk\u016f.<\/li>\n<li>Je zak\u00e1z\u00e1no p\u0159ekon\u00e1vat z\u00e1bradl\u00ed, nakl\u00e1n\u011bt se z\u00a0oken vyhl\u00eddky nebo jin\u00fdm nevhodn\u00fdm chov\u00e1n\u00edm ohro\u017eovat bezpe\u010dnost svou i ostatn\u00edch n\u00e1v\u0161t\u011bvn\u00edk\u016f.<\/li>\n<li>Z\u00a0rozhledny je zak\u00e1z\u00e1no h\u00e1zet \u010di spou\u0161t\u011bt dol\u016f jak\u00e9koli p\u0159edm\u011bty.<\/li>\n<li>Je zak\u00e1z\u00e1no ru\u0161it hlukem nebo jinak obt\u011b\u017eovat ostatn\u00ed n\u00e1v\u0161t\u011bvn\u00edky v\u00a0prostor\u00e1ch rozhledny i jeho okol\u00ed.<\/li>\n<li>Ka\u017ed\u00fd n\u00e1v\u0161t\u011bvn\u00edk je povinen, na rozhledn\u011b a v\u00a0jej\u00edm okol\u00ed udr\u017eovat \u010distotu a po\u0159\u00e1dek. A to nejen po sob\u011b, ale i po sv\u00fdch mazl\u00ed\u010dc\u00edch.<\/li>\n<li><strong> <\/strong><strong>P\u0159i mimo\u0159\u00e1dn\u00fdch ud\u00e1lostech volejte: <\/strong><\/li>\n<\/ol>\n<p>Jednotn\u00e9 evropsk\u00e9 \u010d\u00edslo t\u00eds\u0148ov\u00e9ho vol\u00e1n\u00ed: tel. <strong>112<\/strong> Policie: tel. <strong>158 <\/strong><\/p>\n<p>Hasi\u010di: tel. <strong>150<\/strong> Z\u00e1chrann\u00e1 slu\u017eba: tel. <strong>155<\/strong><\/p>\n<p>&nbsp;<\/p>\n<p>&nbsp;<\/p>\n<p><img loading=\"lazy\" decoding=\"async\" src=\"https:\/\/ceskysmaragd.cz\/wp-content\/uploads\/2021\/09\/Publicita_Rozhledna_bez-znacek-1024x724.jpg\" alt=\"\" width=\"750\" height=\"530\" class=\"aligncenter wp-image-541 size-large\" srcset=\"https:\/\/ceskysmaragd.cz\/wp-content\/uploads\/2021\/09\/Publicita_Rozhledna_bez-znacek-1024x724.jpg 1024w, https:\/\/ceskysmaragd.cz\/wp-content\/uploads\/2021\/09\/Publicita_Rozhledna_bez-znacek-300x212.jpg 300w, https:\/\/ceskysmaragd.cz\/wp-content\/uploads\/2021\/09\/Publicita_Rozhledna_bez-znacek-768x543.jpg 768w, https:\/\/ceskysmaragd.cz\/wp-content\/uploads\/2021\/09\/Publicita_Rozhledna_bez-znacek-1536x1087.jpg 1536w, https:\/\/ceskysmaragd.cz\/wp-content\/uploads\/2021\/09\/Publicita_Rozhledna_bez-znacek-2048x1449.jpg 2048w\" sizes=\"auto, (max-width: 750px) 100vw, 750px\" \/><\/p>\n<p>&nbsp;<\/p>\n<p>&nbsp;<\/p>\n<p><img loading=\"lazy\" decoding=\"async\" src=\"https:\/\/ceskysmaragd.cz\/wp-content\/uploads\/2019\/07\/cesky_smaragd_logo_title-300x39.png\" alt=\"\" width=\"300\" height=\"39\" class=\"aligncenter wp-image-17 size-medium\" srcset=\"https:\/\/ceskysmaragd.cz\/wp-content\/uploads\/2019\/07\/cesky_smaragd_logo_title-300x39.png 300w, https:\/\/ceskysmaragd.cz\/wp-content\/uploads\/2019\/07\/cesky_smaragd_logo_title.png 600w\" sizes=\"auto, (max-width: 300px) 100vw, 300px\" \/><\/p>\n","protected":false},"excerpt":{"rendered":"<p>Ka\u017ed\u00fd n\u00e1v\u0161t\u011bvn\u00edk je povinen sezn\u00e1mit se s\u00a0t\u00edmto provozn\u00edm \u0159\u00e1dem p\u0159ed vstupem do prostoru a okol\u00ed rozhledny. Sv\u00fdm vstupem stvrzuje, \u017ee se s\u00a0t\u00edmto provozn\u00edm \u0159\u00e1dem sezn\u00e1mil a pln\u011b souhlas\u00ed s\u00a0jeho obsahem. Rozhledna Kalamajka slou\u017e\u00ed ve\u0159ejnosti bezplatn\u011b a je provozov\u00e1na bez obsluhy. Rozhledna je p\u0159\u00edstupn\u00e1 po zap\u016fj\u010den\u00ed kl\u00ed\u010de. Kl\u00ed\u010de lze zap\u016fj\u010dit v\u00a0obci [&hellip;]<\/p>\n","protected":false},"author":4,"featured_media":0,"parent":407,"menu_order":0,"comment_status":"closed","ping_status":"closed","template":"","meta":{"footnotes":""},"class_list":["post-621","page","type-page","status-publish","hentry"],"_links":{"self":[{"href":"https:\/\/ceskysmaragd.cz\/index.php?rest_route=\/wp\/v2\/pages\/621","targetHints":{"allow":["GET"]}}],"collection":[{"href":"https:\/\/ceskysmaragd.cz\/index.php?rest_route=\/wp\/v2\/pages"}],"about":[{"href":"https:\/\/ceskysmaragd.cz\/index.php?rest_route=\/wp\/v2\/types\/page"}],"author":[{"embeddable":true,"href":"https:\/\/ceskysmaragd.cz\/index.php?rest_route=\/wp\/v2\/users\/4"}],"replies":[{"embeddable":true,"href":"https:\/\/ceskysmaragd.cz\/index.php?rest_route=%2Fwp%2Fv2%2Fcomments&post=621"}],"version-history":[{"count":5,"href":"https:\/\/ceskysmaragd.cz\/index.php?rest_route=\/wp\/v2\/pages\/621\/revisions"}],"predecessor-version":[{"id":867,"href":"https:\/\/ceskysmaragd.cz\/index.php?rest_route=\/wp\/v2\/pages\/621\/revisions\/867"}],"up":[{"embeddable":true,"href":"https:\/\/ceskysmaragd.cz\/index.php?rest_route=\/wp\/v2\/pages\/407"}],"wp:attachment":[{"href":"https:\/\/ceskysmaragd.cz\/index.php?rest_route=%2Fwp%2Fv2%2Fmedia&parent=621"}],"curies":[{"name":"wp","href":"https:\/\/api.w.org\/{rel}","templated":true}]}}