{"id":874,"date":"2025-12-02T18:12:19","date_gmt":"2025-12-02T17:12:19","guid":{"rendered":"https:\/\/ceskysmaragd.cz\/?page_id=874"},"modified":"2025-12-02T18:49:51","modified_gmt":"2025-12-02T17:49:51","slug":"archiv-uredni-desky","status":"publish","type":"page","link":"https:\/\/ceskysmaragd.cz\/?page_id=874","title":{"rendered":"Archiv \u00fa\u0159edn\u00ed desky"},"content":{"rendered":"<ul>\n<li>\n<h5><a href=\"https:\/\/ceskysmaragd.cz\/wp-content\/uploads\/2025\/06\/Navrh-zaverecneho-uctu-za-rok-2024-mikroregion.pdf\"><strong>N\u00e1vrh z\u00e1v\u011bre\u010dn\u00e9ho \u00fa\u010dtu za rok 2024<\/strong><\/a><\/h5>\n<\/li>\n<li><a href=\"https:\/\/ceskysmaragd.cz\/wp-content\/uploads\/2025\/06\/vysledovka-sestava.pdf\">P\u0159\u00edloha 1<\/a><\/li>\n<li><a href=\"https:\/\/ceskysmaragd.cz\/wp-content\/uploads\/2025\/06\/rozvaha-sestava.pdf\">P\u0159\u00edloha 2<\/a><\/li>\n<li><a href=\"https:\/\/ceskysmaragd.cz\/wp-content\/uploads\/2025\/06\/priloha.pdf\">P\u0159\u00edloha 3<\/a><\/li>\n<li><a href=\"https:\/\/ceskysmaragd.cz\/wp-content\/uploads\/2025\/06\/FIN-sestava.pdf\">P\u0159\u00edloha 4<\/a><\/li>\n<li><a href=\"https:\/\/ceskysmaragd.cz\/wp-content\/uploads\/2025\/06\/Zaznam_o_projednani_zpravy_KUSK_-_Mikroregion_Cesky_Smaragd_dobrovolny_svazek_obci_01.01.2024_-_31.12.2024_.pdf\">Zaznam o projednani zpravy KUSK<\/a><\/li>\n<li><a href=\"https:\/\/ceskysmaragd.cz\/wp-content\/uploads\/2025\/06\/Zprava_digital_-_Mikroregion_Cesky_Smaragd_dobrovolny_svazek_obci_01.01.2024_-_31.12.2024_.pdf\">Zpr\u00e1va o v\u00fdsledku hospoda\u0159en\u00ed za rok 2024(dso.pdf)<\/a><\/li>\n<\/ul>\n<p>zve\u0159ejn\u011bno: od 3.6.2025 do 31.7.2025<\/p>\n<ul>\n<li>\n<h5><a href=\"https:\/\/ceskysmaragd.cz\/wp-content\/uploads\/2024\/06\/Zaverecny-ucet-2023-schvalny-mikroregion.pdf\"><strong>Schv\u00e1len\u00fd z\u00e1v\u011bre\u010dn\u00fd \u00fa\u010det za rok 2023<\/strong><\/a><\/h5>\n<\/li>\n<li><a href=\"https:\/\/ceskysmaragd.cz\/wp-content\/uploads\/2024\/05\/vysledovka-2023.pdf\">P\u0159\u00edloha 1<\/a><\/li>\n<li><a href=\"https:\/\/ceskysmaragd.cz\/wp-content\/uploads\/2024\/05\/rozvaha-2023.pdf\">P\u0159\u00edloha 2<\/a><\/li>\n<li><a href=\"https:\/\/ceskysmaragd.cz\/wp-content\/uploads\/2024\/05\/priloha-2023.pdf\">P\u0159\u00edloha 3<\/a><\/li>\n<li><a href=\"https:\/\/ceskysmaragd.cz\/wp-content\/uploads\/2024\/05\/FIN-2023.pdf\">P\u0159\u00edloha 4<\/a><\/li>\n<li><a href=\"https:\/\/ceskysmaragd.cz\/wp-content\/uploads\/2024\/05\/Zaznam_o_projednani_zpravy_KUSK_-_Mikroregion_Cesky_Smaragd_dobrovolny_svazek_obci_01.01.2023_-_31.12.2023_.pdf\">Zaznam o projednani zpravy KUSK<\/a><\/li>\n<li><a href=\"https:\/\/ceskysmaragd.cz\/wp-content\/uploads\/2024\/05\/Zprava_digital_-_Mikroregion_Cesky_Smaragd_dobrovolny_svazek_obci_01.01.2023_-_31.12.2023_.pdf\">Zpr\u00e1va o v\u00fdsledku hospoda\u0159en\u00ed za rok 2023(dso.pdf)<\/a><\/li>\n<\/ul>\n<p>zve\u0159ejn\u011bno: od 14.6.2024 do 31.7.2025<\/p>\n<ul>\n<li>\n<h5><a href=\"https:\/\/ceskysmaragd.cz\/wp-content\/uploads\/2024\/05\/Navrh-zaverecneho-uctu-za-rok-2023-mikroregion.pdf\"><strong>N\u00e1vrh z\u00e1v\u011bre\u010dn\u00e9ho \u00fa\u010dtu za rok 2023<\/strong><\/a><\/h5>\n<\/li>\n<li><a href=\"https:\/\/ceskysmaragd.cz\/wp-content\/uploads\/2024\/05\/vysledovka-2023.pdf\">P\u0159\u00edloha 1<\/a><\/li>\n<li><a href=\"https:\/\/ceskysmaragd.cz\/wp-content\/uploads\/2024\/05\/rozvaha-2023.pdf\">P\u0159\u00edloha 2<\/a><\/li>\n<li><a href=\"https:\/\/ceskysmaragd.cz\/wp-content\/uploads\/2024\/05\/priloha-2023.pdf\">P\u0159\u00edloha 3<\/a><\/li>\n<li><a href=\"https:\/\/ceskysmaragd.cz\/wp-content\/uploads\/2024\/05\/FIN-2023.pdf\">P\u0159\u00edloha 4<\/a><\/li>\n<li><a href=\"https:\/\/ceskysmaragd.cz\/wp-content\/uploads\/2024\/05\/Zaznam_o_projednani_zpravy_KUSK_-_Mikroregion_Cesky_Smaragd_dobrovolny_svazek_obci_01.01.2023_-_31.12.2023_.pdf\">Zaznam o projednani zpravy KUSK<\/a><\/li>\n<li><a href=\"https:\/\/ceskysmaragd.cz\/wp-content\/uploads\/2024\/05\/Zprava_digital_-_Mikroregion_Cesky_Smaragd_dobrovolny_svazek_obci_01.01.2023_-_31.12.2023_.pdf\">Zpr\u00e1va o v\u00fdsledku hospoda\u0159en\u00ed za rok 2023(dso.pdf)<\/a><\/li>\n<\/ul>\n<p>zve\u0159ejn\u011bno: od 17.5.2024 do 31.7.2024<\/p>\n<ul>\n<li>\n<h5><a href=\"https:\/\/ceskysmaragd.cz\/wp-content\/uploads\/2023\/12\/Prispevky_obci-na-rok-2024_mikroregion.pdf\"><strong>P\u0159\u00edsp\u011bvky obc\u00ed na rok 2024<\/strong><\/a><\/h5>\n<\/li>\n<\/ul>\n<p>zve\u0159ejn\u011bno: 1.12.2023<\/p>\n<ul>\n<li>\n<h5><a href=\"https:\/\/ceskysmaragd.cz\/wp-content\/uploads\/2023\/12\/Mikroregion-rozpocet-2024-narh.pdf\"><strong>N\u00e1vrh vyrovnan\u00e9ho rozpo\u010dtu na rok 2024<\/strong><\/a><\/h5>\n<\/li>\n<\/ul>\n<p>zve\u0159ejn\u011bno: od 1.12.2023 do 31.1.2024<\/p>\n<ul>\n<li>\n<h5><a href=\"https:\/\/ceskysmaragd.cz\/wp-content\/uploads\/2023\/07\/Schvaleny_zaverecny_ucet_za_rok_2022_DSO_Cesky-smaragd.pdf\"><strong>Schv\u00e1len\u00fd z\u00e1v\u011bre\u010dn\u00fd \u00fa\u010det za rok 2022<\/strong><\/a><\/h5>\n<\/li>\n<li><a href=\"https:\/\/ceskysmaragd.cz\/wp-content\/uploads\/2023\/05\/priloha-2022.pdf\">P\u0159\u00edloha 1<\/a><\/li>\n<li><a href=\"https:\/\/ceskysmaragd.cz\/wp-content\/uploads\/2023\/05\/vykazy-fin-rozvaha-vysledovka-2022.pdf\">P\u0159\u00edloha 2<\/a><\/li>\n<li><a href=\"https:\/\/ceskysmaragd.cz\/wp-content\/uploads\/2023\/05\/Zprava-o-prezkoumani-hospodareni-DSO-Cesky-smaragd_2022.pdf\">Zpr\u00e1va o v\u00fdsledku hospoda\u0159en\u00ed za rok 2020(sken.pdf)<\/a><\/li>\n<li><a href=\"https:\/\/ceskysmaragd.cz\/wp-content\/uploads\/2023\/05\/Stredocesky_kraj_Zprava_DSO_PDF_-_DSO_Mikroregion_Cesky_Smaragd__dobrovolny_svazek_obci__01.01.2022_-_31.12.2022_.pdf\">Zpr\u00e1va o v\u00fdsledku hospoda\u0159en\u00ed za rok 2020(dso.pdf)<\/a><\/li>\n<\/ul>\n<p>zve\u0159ejn\u011bno: od 30.6.2023 do 31.7.2024<\/p>\n<ul>\n<li>\n<h5><a href=\"https:\/\/ceskysmaragd.cz\/wp-content\/uploads\/2023\/05\/Navrh_zaverecneho_uctu_za_rok_2022_DSO_Cesky-smaragd.pdf\"><strong>N\u00e1vrh z\u00e1v\u011bre\u010dn\u00e9ho \u00fa\u010dtu za rok 2022<\/strong><\/a><\/h5>\n<\/li>\n<li><a href=\"https:\/\/ceskysmaragd.cz\/wp-content\/uploads\/2023\/05\/priloha-2022.pdf\">P\u0159\u00edloha 1<\/a><\/li>\n<li><a href=\"https:\/\/ceskysmaragd.cz\/wp-content\/uploads\/2023\/05\/vykazy-fin-rozvaha-vysledovka-2022.pdf\">P\u0159\u00edloha 2<\/a><\/li>\n<li><a href=\"https:\/\/ceskysmaragd.cz\/wp-content\/uploads\/2023\/05\/Zprava-o-prezkoumani-hospodareni-DSO-Cesky-smaragd_2022.pdf\">Zpr\u00e1va o v\u00fdsledku hospoda\u0159en\u00ed za rok 2020(sken.pdf)<\/a><\/li>\n<li><a href=\"https:\/\/ceskysmaragd.cz\/wp-content\/uploads\/2023\/05\/Stredocesky_kraj_Zprava_DSO_PDF_-_DSO_Mikroregion_Cesky_Smaragd__dobrovolny_svazek_obci__01.01.2022_-_31.12.2022_.pdf\">Zpr\u00e1va o v\u00fdsledku hospoda\u0159en\u00ed za rok 2020(dso.pdf)<\/a><\/li>\n<\/ul>\n<p>zve\u0159ejn\u011bno: od 13.5.2023 do 31.7.2023<\/p>\n<ul>\n<li>\n<h5><a href=\"https:\/\/ceskysmaragd.cz\/wp-content\/uploads\/2023\/03\/RO-1-2023.pdf\"><strong>Rozpo\u010dtov\u00e9 opat\u0159en\u00ed \u010d. 1\/2023<\/strong><\/a><\/h5>\n<\/li>\n<\/ul>\n<p>zve\u0159ejn\u011bno: od 1.2.2023 do 31.1.2024<\/p>\n<ul>\n<li>\n<h5><a href=\"https:\/\/ceskysmaragd.cz\/wp-content\/uploads\/2023\/01\/Schvaleny-rozpocet-2023_DSO-Cesky-smaragd.pdf\"><strong>Schv\u00e1len\u00fd p\u0159ebytkov\u00fd rozpo\u010det pro rok 2023<\/strong><\/a><\/h5>\n<\/li>\n<\/ul>\n<p>zve\u0159ejn\u011bno: od 18.1.2023 do 31.1. 2024<\/p>\n<ul>\n<li>\n<h5><a href=\"https:\/\/ceskysmaragd.cz\/wp-content\/uploads\/2023\/01\/Rozpoctove-opatreni-c.-4_2022_DSO-Cesky-smaragd.pdf\"><strong>Rozpo\u010dtov\u00e9 opat\u0159en\u00ed \u010d. 4\/2022<\/strong><\/a><\/h5>\n<\/li>\n<\/ul>\n<p>zve\u0159ejn\u011bno: od 18.1.2023 do 31.1.2023<\/p>\n<ul>\n<li>\n<h5><a href=\"https:\/\/ceskysmaragd.cz\/wp-content\/uploads\/2022\/12\/Navrh-rozpoctu-2023_Mikroregion-Cesky-smaragd.pdf\"><strong>N\u00e1vrh p\u0159ebytkov\u00e9ho rozpo\u010dtu pro rok 2023<\/strong><\/a><\/h5>\n<\/li>\n<\/ul>\n<p>zve\u0159ejn\u011bno: od 2.12.2022 do 31.12. 2022<\/p>\n<ul>\n<li>\n<h5><a href=\"https:\/\/ceskysmaragd.cz\/wp-content\/uploads\/2022\/12\/Navrh-strednedobeho-vyhledu-rozpoctu-na-obdobi-2023-2027_Mikroregion-Cesky-smaragd.pdf\"><strong>N\u00e1vrh rozpo\u010dtov\u00e9ho v\u00fdhledu 2023 &#8211; 2027<\/strong><\/a><\/h5>\n<\/li>\n<\/ul>\n<p>zve\u0159ejn\u011bno: od 2.12.2022 do 31.12. 2022<\/p>\n<ul>\n<li>\n<h5><a href=\"https:\/\/ceskysmaragd.cz\/wp-content\/uploads\/2022\/09\/Rozpoctove-opatreni-3-2022_smaragd.pdf\"><strong>Rozpo\u010dtov\u00e9 opat\u0159en\u00ed \u010d. 3\/2022<\/strong><\/a><\/h5>\n<\/li>\n<\/ul>\n<p>zve\u0159ejn\u011bno: od 23.9.2022 do 31.1.2023<\/p>\n<ul>\n<li>\n<h5><a href=\"https:\/\/ceskysmaragd.cz\/wp-content\/uploads\/2022\/08\/Rozpoctove-opatreni-c.-2_2022_DSO-Cesky-smaragd.pdf\"><strong>Rozpo\u010dtov\u00e9 opat\u0159en\u00ed \u010d. 2\/2022<\/strong><\/a><\/h5>\n<\/li>\n<\/ul>\n<p>zve\u0159ejn\u011bno: od 8.7.2022 do 31.1.2023<\/p>\n<ul>\n<li>\n<h5><a href=\"https:\/\/ceskysmaragd.cz\/wp-content\/uploads\/2022\/08\/Schvaleny-zaverecny-ucet-za-rok-2021-mikroregion.pdf\"><strong>Schv\u00e1len\u00fd z\u00e1v\u011bre\u010dn\u00fd \u00fa\u010det za rok 2021<\/strong><\/a><\/h5>\n<\/li>\n<li><a href=\"https:\/\/ceskysmaragd.cz\/wp-content\/uploads\/2022\/05\/vysledovka.pdf\">P\u0159\u00edloha 1<\/a><\/li>\n<li><a href=\"https:\/\/ceskysmaragd.cz\/wp-content\/uploads\/2022\/05\/rozvaha.pdf\">P\u0159\u00edloha 2<\/a><\/li>\n<li><a href=\"https:\/\/ceskysmaragd.cz\/wp-content\/uploads\/2022\/05\/Priloha.pdf\">P\u0159\u00edloha 3<\/a><\/li>\n<li><a href=\"https:\/\/ceskysmaragd.cz\/wp-content\/uploads\/2022\/05\/Fin-2-12.pdf\">P\u0159\u00edloha 4<\/a><\/li>\n<li><a href=\"https:\/\/ceskysmaragd.cz\/wp-content\/uploads\/2022\/05\/Zprava-o-vysledku-prezkoumani-hospodareni-DSO-Cesky-smaragd-za-rok-2021.pdf\">Zpr\u00e1va o v\u00fdsledku hospoda\u0159en\u00ed za rok 2020(sken.pdf)<\/a><\/li>\n<li><a href=\"https:\/\/ceskysmaragd.cz\/wp-content\/uploads\/2022\/05\/Stredocesky-kraj_Zprava-DSO-PDF-DSO-Mikroregion-Cesky-Smaragd-dobrovolny-svazek-obci-01.01.2021-31.12.2021.pdf\">Zpr\u00e1va o v\u00fdsledku hospoda\u0159en\u00ed za rok 2020(dso.pdf)<\/a><\/li>\n<\/ul>\n<p>zve\u0159ejn\u011bno: od 8.7.2022 do 30.6.2023<\/p>\n<ul>\n<li>\n<h5><a href=\"https:\/\/ceskysmaragd.cz\/wp-content\/uploads\/2022\/05\/Navrh-zaverecneho-uctu-za-rok-2021-mikroregion.pdf\"><strong>N\u00e1vrh z\u00e1v\u011bre\u010dn\u00e9ho \u00fa\u010dtu za rok 2021<\/strong><\/a><\/h5>\n<\/li>\n<li><a href=\"https:\/\/ceskysmaragd.cz\/wp-content\/uploads\/2022\/05\/vysledovka.pdf\">P\u0159\u00edloha 1<\/a><\/li>\n<li><a href=\"https:\/\/ceskysmaragd.cz\/wp-content\/uploads\/2022\/05\/rozvaha.pdf\">P\u0159\u00edloha 2<\/a><\/li>\n<li><a href=\"https:\/\/ceskysmaragd.cz\/wp-content\/uploads\/2022\/05\/Priloha.pdf\">P\u0159\u00edloha 3<\/a><\/li>\n<li><a href=\"https:\/\/ceskysmaragd.cz\/wp-content\/uploads\/2022\/05\/Fin-2-12.pdf\">P\u0159\u00edloha 4<\/a><\/li>\n<li><a href=\"https:\/\/ceskysmaragd.cz\/wp-content\/uploads\/2022\/05\/Zprava-o-vysledku-prezkoumani-hospodareni-DSO-Cesky-smaragd-za-rok-2021.pdf\">Zpr\u00e1va o v\u00fdsledku hospoda\u0159en\u00ed za rok 2020(sken.pdf)<\/a><\/li>\n<li><a href=\"https:\/\/ceskysmaragd.cz\/wp-content\/uploads\/2022\/05\/Stredocesky-kraj_Zprava-DSO-PDF-DSO-Mikroregion-Cesky-Smaragd-dobrovolny-svazek-obci-01.01.2021-31.12.2021.pdf\">Zpr\u00e1va o v\u00fdsledku hospoda\u0159en\u00ed za rok 2020(dso.pdf)<\/a><\/li>\n<\/ul>\n<p>zve\u0159ejn\u011bno: od 29.5.2022 do 30.6.2022<\/p>\n<ul>\n<li>\n<h5><a href=\"https:\/\/ceskysmaragd.cz\/wp-content\/uploads\/2022\/05\/Rozpoctove-opatreni-c.-1_2022_DSO-Cesky-smaragd.pdf\"><strong>Rozpo\u010dtov\u00e9 opat\u0159en\u00ed \u010d. 1\/2022<\/strong><\/a><\/h5>\n<\/li>\n<\/ul>\n<p>zve\u0159ejn\u011bno: od 13.5.2022 do 31.1.2023<\/p>\n<ul>\n<li>\n<h5><a href=\"https:\/\/ceskysmaragd.cz\/wp-content\/uploads\/2022\/01\/Mikroregion-rozpocet2022-schvaleny.pdf\"><strong>Schv\u00e1len\u00fd p\u0159ebytkov\u00fd rozpo\u010det pro rok 2022<\/strong><\/a><\/h5>\n<\/li>\n<\/ul>\n<p>zve\u0159ejn\u011bno: od 13.1.2022 do 31.12. 2023<\/p>\n<ul>\n<li>\n<h5><a href=\"https:\/\/ceskysmaragd.cz\/wp-content\/uploads\/2022\/01\/Rozpoctove-opatreni-3-2021.pdf\"><strong>Rozpo\u010dtov\u00e9 opat\u0159en\u00ed \u010d. 3\/2021<\/strong><\/a><\/h5>\n<\/li>\n<\/ul>\n<p>zve\u0159ejn\u011bno: od 13.1.2022 do 31.12.2023<\/p>\n<ul>\n<li>\n<h5><a href=\"https:\/\/ceskysmaragd.cz\/wp-content\/uploads\/2021\/12\/Prispevky-2022.pdf\"><strong>P\u0159\u00edsp\u011bvky obc\u00ed na rok 2022<\/strong><\/a><\/h5>\n<\/li>\n<\/ul>\n<p>zve\u0159ejn\u011bno: 1.12.2020<\/p>\n<ul>\n<li>\n<h5><a href=\"https:\/\/ceskysmaragd.cz\/wp-content\/uploads\/2021\/12\/Mikroregion_rozpocet-2022_navrh.pdf\"><strong>N\u00e1vrh p\u0159ebytkov\u00e9ho rozpo\u010dtu pro rok 2022<\/strong><\/a><\/h5>\n<\/li>\n<\/ul>\n<p>zve\u0159ejn\u011bno: od 1.12.2021 do 31.12. 2021<\/p>\n<ul>\n<li>\n<h5><a href=\"https:\/\/ceskysmaragd.cz\/wp-content\/uploads\/2021\/11\/RO-c.2.pdf\"><strong>Rozpo\u010dtov\u00e9 opat\u0159en\u00ed \u010d. 2\/2021<\/strong><\/a><\/h5>\n<\/li>\n<\/ul>\n<p>zve\u0159ejn\u011bno: od 11.11.2021 do 31.12.2022<\/p>\n<ul>\n<li>\n<h5><a href=\"https:\/\/ceskysmaragd.cz\/wp-content\/uploads\/2021\/07\/rozpoctove_opatreni_c.1.pdf\"><strong>Rozpo\u010dtov\u00e9 opat\u0159en\u00ed \u010d. 1\/2021<\/strong><\/a><\/h5>\n<\/li>\n<\/ul>\n<p>zve\u0159ejn\u011bno: od16.7.2021 do 31.1.2022<\/p>\n<ul>\n<li>\n<h5><a href=\"https:\/\/ceskysmaragd.cz\/wp-content\/uploads\/2021\/07\/Schvaleny_zaverecny_ucet__za_rok_2020_mikroregion.pdf\"><strong>Schv\u00e1len\u00fd z\u00e1v\u011bre\u010dn\u00fd \u00fa\u010det za rok 2020<\/strong><\/a><\/h5>\n<\/li>\n<li><a href=\"https:\/\/ceskysmaragd.cz\/wp-content\/uploads\/2021\/05\/Vysledovka.pdf\">P\u0159\u00edloha 1<\/a><\/li>\n<li><a href=\"https:\/\/ceskysmaragd.cz\/wp-content\/uploads\/2021\/05\/vykaz-FIN.pdf\">P\u0159\u00edloha 2<\/a><\/li>\n<li><a href=\"https:\/\/ceskysmaragd.cz\/wp-content\/uploads\/2021\/05\/Rozvaha.pdf\">P\u0159\u00edloha 3<\/a><\/li>\n<li><a href=\"https:\/\/ceskysmaragd.cz\/wp-content\/uploads\/2021\/05\/priloha.pdf\">P\u0159\u00edloha 4<\/a><\/li>\n<li><a href=\"https:\/\/ceskysmaragd.cz\/wp-content\/uploads\/2021\/05\/Zprava-o-vysledku-hospodareni-DSO-Mikroregion-Cesky-smaragd-za-rok-2020.pdf\">Zpr\u00e1va o v\u00fdsledku hospoda\u0159en\u00ed za rok 2020(sken.pdf)<\/a><\/li>\n<li><a href=\"https:\/\/ceskysmaragd.cz\/wp-content\/uploads\/2021\/05\/Stredocesky-kraj_Zprava-DSO-PDF-DSO-Mikroregion-Cesky-Smaragd-dobrovolny-svazek-obci-1.-1.-2020-31.-12.-2020.pdf\">Zpr\u00e1va o v\u00fdsledku hospoda\u0159en\u00ed za rok 2020(dso.pdf)<\/a><\/li>\n<\/ul>\n<p>zve\u0159ejn\u011bno: od 16.7.2021 do 30.3.2022<\/p>\n<ul>\n<li>\n<h5><strong><a href=\"https:\/\/ceskysmaragd.cz\/wp-content\/uploads\/2021\/05\/Navrh-zaverecny-ucet-Mikroregion-Cesky-smaragd-rok-2020..pdf\">N\u00e1vrh z\u00e1v\u011bre\u010dn\u00e9ho \u00fa\u010dtu za rok 2020<\/a><\/strong><\/h5>\n<\/li>\n<li><a href=\"https:\/\/ceskysmaragd.cz\/wp-content\/uploads\/2021\/05\/Vysledovka.pdf\">P\u0159\u00edloha 1<\/a><\/li>\n<li><a href=\"https:\/\/ceskysmaragd.cz\/wp-content\/uploads\/2021\/05\/vykaz-FIN.pdf\">P\u0159\u00edloha 2<\/a><\/li>\n<li><a href=\"https:\/\/ceskysmaragd.cz\/wp-content\/uploads\/2021\/05\/Rozvaha.pdf\">P\u0159\u00edloha 3<\/a><\/li>\n<li><a href=\"https:\/\/ceskysmaragd.cz\/wp-content\/uploads\/2021\/05\/priloha.pdf\">P\u0159\u00edloha 4<\/a><\/li>\n<li><a href=\"https:\/\/ceskysmaragd.cz\/wp-content\/uploads\/2021\/05\/Zprava-o-vysledku-hospodareni-DSO-Mikroregion-Cesky-smaragd-za-rok-2020.pdf\">Zpr\u00e1va o v\u00fdsledku hospoda\u0159en\u00ed za rok 2020(sken.pdf)<\/a><\/li>\n<li><a href=\"https:\/\/ceskysmaragd.cz\/wp-content\/uploads\/2021\/05\/Stredocesky-kraj_Zprava-DSO-PDF-DSO-Mikroregion-Cesky-Smaragd-dobrovolny-svazek-obci-1.-1.-2020-31.-12.-2020.pdf\">Zpr\u00e1va o v\u00fdsledku hospoda\u0159en\u00ed za rok 2020(dso.pdf)<\/a><\/li>\n<\/ul>\n<p>zve\u0159ejn\u011bno: od 19.5.2021 do 16.7.2021<\/p>\n<ul>\n<li>\n<h5><a href=\"https:\/\/ceskysmaragd.cz\/wp-content\/uploads\/2021\/01\/Mikroregion-rozpocet2021-schvaleny.pdf\"><strong>Schv\u00e1len\u00fd schodkov\u00fd rozpo\u010det pro rok 2021<\/strong><\/a><\/h5>\n<\/li>\n<\/ul>\n<p><a href=\"https:\/\/ceskysmaragd.cz\/wp-content\/uploads\/2020\/01\/Schvaleny-rozpocet-na-rok-2020.pdf\"><\/a>zve\u0159ejn\u011bno: od 19.1. 2021 do 31.1.2022<\/p>\n<ul>\n<li>\n<h5><a href=\"https:\/\/ceskysmaragd.cz\/wp-content\/uploads\/2021\/01\/Rozpoctove-opatreni-2-2020.pdf\"><strong>Rozpo\u010dtov\u00e9 opat\u0159en\u00ed \u010d. 2\/2020<\/strong><\/a><\/h5>\n<\/li>\n<\/ul>\n<p>zve\u0159ejn\u011bno: 19.1.2021<\/p>\n<ul>\n<li>\n<h5><a href=\"https:\/\/ceskysmaragd.cz\/wp-content\/uploads\/2021\/01\/Prispevky-do-rozpoctu-mikroregion-2021.pdf\"><strong>P\u0159\u00edsp\u011bvky obc\u00ed na rok 2021<\/strong><\/a><\/h5>\n<\/li>\n<\/ul>\n<p>zve\u0159ejn\u011bno: 3.12.2020<\/p>\n<ul>\n<li>\n<h5><a href=\"https:\/\/ceskysmaragd.cz\/wp-content\/uploads\/2021\/01\/Mikroregion_navrh-rozpoctu-na-rok-2021.pdf\"><strong>N\u00e1vrh schodkov\u00e9ho rozpo\u010dtu pro rok 2021<\/strong><\/a><\/h5>\n<\/li>\n<\/ul>\n<p>zve\u0159ejn\u011bno: 3.12.2020<\/p>\n<ul>\n<li>\n<h5><a href=\"https:\/\/ceskysmaragd.cz\/wp-content\/uploads\/2020\/09\/Rozpoctove-opatreni-c.-1_2020_DSO-Cesky-smaragd.pdf\"><strong>Rozpo\u010dtov\u00e9 opat\u0159en\u00ed \u010d. 1\/2020<\/strong><\/a><\/h5>\n<\/li>\n<\/ul>\n<p>zve\u0159ejn\u011bno: 19.6.2020<\/p>\n<ul>\n<li>\n<h5><a href=\"https:\/\/ceskysmaragd.cz\/wp-content\/uploads\/2020\/09\/Schvaleny-zaverecny-ucet-za-rok-2019-mikrorgion.pdf\"><strong>Schv\u00e1len\u00fd\u00a0 z\u00e1v\u011bre\u010dn\u00fd \u00fa\u010det za rok 2019<\/strong><\/a><\/h5>\n<\/li>\n<li><a href=\"https:\/\/ceskysmaragd.cz\/wp-content\/uploads\/2020\/05\/2.Priloha_2019.pdf\">P\u0159\u00edloha 1<\/a><\/li>\n<li><a href=\"https:\/\/ceskysmaragd.cz\/wp-content\/uploads\/2020\/05\/3.-Rozvaha_2019.pdf\">P\u0159\u00edloha 2<\/a><\/li>\n<li><a href=\"https:\/\/ceskysmaragd.cz\/wp-content\/uploads\/2020\/05\/4.-Vysledovka_2019.pdf\">P\u0159\u00edloha 3<\/a><\/li>\n<li><a href=\"https:\/\/ceskysmaragd.cz\/wp-content\/uploads\/2020\/05\/5.-FIN.tmp_2019.pdf\">P\u0159\u00edloha 4<\/a><\/li>\n<li><a href=\"https:\/\/ceskysmaragd.cz\/wp-content\/uploads\/2020\/05\/6.-ostatni-vykazy_2019.pdf\">P\u0159\u00edloha 5<\/a><\/li>\n<li><a href=\"https:\/\/ceskysmaragd.cz\/wp-content\/uploads\/2020\/05\/7.-Zprava-o-vysledku-hospodareni-DSO-Mikroregion-Cesky-smaragd-za-rok-2019.pdf\">Zpr\u00e1va o v\u00fdsledku hospoda\u0159en\u00ed za rok 2019<\/a><\/li>\n<\/ul>\n<p>zve\u0159ejn\u011bno: 19. 6.2020<\/p>\n<ul>\n<li>\n<h5><strong><a href=\"https:\/\/ceskysmaragd.cz\/wp-content\/uploads\/2020\/05\/1.Navrh-zaverecneho-uctu-za-rok-2019-mikrorgion.doc.pdf\">N\u00e1vrh z\u00e1v\u011bre\u010dn\u00e9ho \u00fa\u010dtu za rok 2019<\/a><\/strong><\/h5>\n<\/li>\n<li><a href=\"https:\/\/ceskysmaragd.cz\/wp-content\/uploads\/2020\/05\/2.Priloha_2019.pdf\">P\u0159\u00edloha 1<\/a><\/li>\n<li><a href=\"https:\/\/ceskysmaragd.cz\/wp-content\/uploads\/2020\/05\/3.-Rozvaha_2019.pdf\">P\u0159\u00edloha 2<\/a><\/li>\n<li><a href=\"https:\/\/ceskysmaragd.cz\/wp-content\/uploads\/2020\/05\/4.-Vysledovka_2019.pdf\">P\u0159\u00edloha 3<\/a><\/li>\n<li><a href=\"https:\/\/ceskysmaragd.cz\/wp-content\/uploads\/2020\/05\/5.-FIN.tmp_2019.pdf\">P\u0159\u00edloha 4<\/a><\/li>\n<li><a href=\"https:\/\/ceskysmaragd.cz\/wp-content\/uploads\/2020\/05\/6.-ostatni-vykazy_2019.pdf\">P\u0159\u00edloha 5<\/a><\/li>\n<li><a href=\"https:\/\/ceskysmaragd.cz\/wp-content\/uploads\/2020\/05\/7.-Zprava-o-vysledku-hospodareni-DSO-Mikroregion-Cesky-smaragd-za-rok-2019.pdf\">Zpr\u00e1va o v\u00fdsledku hospoda\u0159en\u00ed za rok 2019<\/a><\/li>\n<\/ul>\n<p>zve\u0159ejn\u011bno: 29.5.2020<\/p>\n<ul>\n<li>\n<h5><strong><a href=\"https:\/\/ceskysmaragd.cz\/wp-content\/uploads\/2020\/01\/Schvaleny-rozpocet-na-rok-2020.pdf\">Schv\u00e1len\u00fd schodkov\u00fd rozpo\u010det pro rok 2020<\/a><\/strong><\/h5>\n<\/li>\n<\/ul>\n<p><a href=\"https:\/\/ceskysmaragd.cz\/wp-content\/uploads\/2020\/01\/Schvaleny-rozpocet-na-rok-2020.pdf\"><\/a>zve\u0159ejn\u011bno: 15.1.2020<\/p>\n<ul>\n<li>\n<h5><strong>\u00a0<a href=\"https:\/\/ceskysmaragd.cz\/wp-content\/uploads\/2020\/01\/Schvaleny-stredned.vyhl_.roz_.2020-2024.pdf\">Schv\u00e1len\u00fd rozpo\u010dtov\u00fd v\u00fdhled 2021 &#8211; 2024<\/a><\/strong><\/h5>\n<\/li>\n<\/ul>\n<p>zve\u0159ejn\u011bno: 15.1..2020<\/p>\n<ul>\n<li>\n<h5><strong><a href=\"https:\/\/ceskysmaragd.cz\/wp-content\/uploads\/2020\/01\/navr-stredned.vyhl_.roz_.2020-2024.pdf\">N\u00e1vrh rozpo\u010dtov\u00e9ho v\u00fdhledu 2021 &#8211; 2024<\/a><\/strong><\/h5>\n<\/li>\n<\/ul>\n<p>zve\u0159ejn\u011bno: 29.11.2019<\/p>\n<ul>\n<li>\n<h5><strong><a href=\"https:\/\/ceskysmaragd.cz\/wp-content\/uploads\/2020\/01\/Mikroregion-rozpocet-2020-narh.pdf\">N\u00e1vrh schodkov\u00e9ho rozpo\u010dtu pro rok 2020<\/a><\/strong><\/h5>\n<\/li>\n<\/ul>\n<p>zve\u0159ejn\u011bno: 29.11.2019<\/p>\n<ul>\n<li>\n<h5>\u00a0<strong><a href=\"https:\/\/ceskysmaragd.cz\/wp-content\/uploads\/2019\/07\/schvaleny-zaverecny-ucet-za-rok-2018-mikroregion.pdf\">Z\u00e1v\u011bre\u010dn\u00fd \u00fa\u010det za rok 2018<\/a><\/strong><\/h5>\n<\/li>\n<li><a href=\"https:\/\/ceskysmaragd.cz\/wp-content\/uploads\/2019\/07\/zav_ucet_2018.pdf\">P\u0159\u00edloha 1<\/a><\/li>\n<li><a href=\"https:\/\/ceskysmaragd.cz\/wp-content\/uploads\/2019\/07\/zav_ucet_priloha_2018.pdf\">P\u0159\u00edloha 2<\/a><\/li>\n<li><a href=\"https:\/\/ceskysmaragd.cz\/wp-content\/uploads\/2019\/07\/zprava_o_vysledku_hospodareni_za_2018.pdf\">P\u0159\u00edloha 3<\/a><\/li>\n<\/ul>\n<p>zve\u0159ejn\u011bno: 7.7.2019<\/p>\n<ul>\n<li>\n<h5><strong><a href=\"https:\/\/ceskysmaragd.cz\/wp-content\/uploads\/2019\/07\/navrh_zav_uctu_2018.pdf\">N\u00e1vrh z\u00e1v\u011bre\u010dn\u00e9ho \u00fa\u010dtu za rok 2018<\/a><\/strong><\/h5>\n<\/li>\n<li><a href=\"https:\/\/ceskysmaragd.cz\/wp-content\/uploads\/2019\/07\/zav_ucet_2018.pdf\">P\u0159\u00edloha 1<\/a><\/li>\n<li><a href=\"https:\/\/ceskysmaragd.cz\/wp-content\/uploads\/2019\/07\/zav_ucet_priloha_2018.pdf\">P\u0159\u00edloha 2<\/a><\/li>\n<li><a href=\"https:\/\/ceskysmaragd.cz\/wp-content\/uploads\/2019\/07\/zprava_o_vysledku_hospodareni_za_2018.pdf\">P\u0159\u00edloha 3<\/a><\/li>\n<\/ul>\n<p>zve\u0159ejn\u011bno: 12.6.2019<\/p>\n<ul>\n<li>\n<h5><strong><a href=\"https:\/\/ceskysmaragd.cz\/wp-content\/uploads\/2019\/07\/schvalenyrozpocet2019.pdf\">Schv\u00e1len\u00fd rozpo\u010det mikroregionu na rok 2019<\/a><\/strong><\/h5>\n<\/li>\n<\/ul>\n<p>zve\u0159ejn\u011bno: 7.1.2019<\/p>\n<ul>\n<li>\n<h5><strong><a href=\"https:\/\/ceskysmaragd.cz\/wp-content\/uploads\/2019\/07\/navrh_schodkoveho_rozpoctu_na_rok_2019.pdf\">N\u00e1vrh schodkov\u00e9ho rozpo\u010dtu pro rok 2019<\/a><\/strong><\/h5>\n<\/li>\n<\/ul>\n<p>zve\u0159ejn\u011bno: 5.12.2018\u00a0<a href=\"https:\/\/ceskysmaragd.cz\/wp-content\/uploads\/2019\/07\/rozpoctovy_vyhled_2017-2020.pdf\"><\/a><\/p>\n<ul>\n<li>\n<h5><strong><a href=\"https:\/\/ceskysmaragd.cz\/wp-content\/uploads\/2019\/07\/rozpoctovy_vyhled_2017-2020.pdf\">Rozpo\u010dtov\u00fd v\u00fdhled 2017 &#8211; 2020<\/a><\/strong><\/h5>\n<\/li>\n<\/ul>\n<p>zve\u0159ejn\u011bno: 17.3.2017<\/p>\n<p><img loading=\"lazy\" decoding=\"async\" class=\"size-medium wp-image-17 alignright\" alt=\"\" src=\"https:\/\/ceskysmaragd.cz\/wp-content\/uploads\/2019\/07\/cesky_smaragd_logo_title-300x39.png\" width=\"300\" height=\"39\" srcset=\"https:\/\/ceskysmaragd.cz\/wp-content\/uploads\/2019\/07\/cesky_smaragd_logo_title-300x39.png 300w, https:\/\/ceskysmaragd.cz\/wp-content\/uploads\/2019\/07\/cesky_smaragd_logo_title.png 600w\" sizes=\"auto, (max-width: 300px) 100vw, 300px\" \/><\/p>\n","protected":false},"excerpt":{"rendered":"<p>N\u00e1vrh z\u00e1v\u011bre\u010dn\u00e9ho \u00fa\u010dtu za rok 2024 P\u0159\u00edloha 1 P\u0159\u00edloha 2 P\u0159\u00edloha 3 P\u0159\u00edloha 4 Zaznam o projednani zpravy KUSK Zpr\u00e1va o v\u00fdsledku hospoda\u0159en\u00ed za rok 2024(dso.pdf) zve\u0159ejn\u011bno: od 3.6.2025 do 31.7.2025 Schv\u00e1len\u00fd z\u00e1v\u011bre\u010dn\u00fd \u00fa\u010det za rok 2023 P\u0159\u00edloha 1 P\u0159\u00edloha 2 P\u0159\u00edloha 3 P\u0159\u00edloha 4 Zaznam o projednani zpravy KUSK [&hellip;]<\/p>\n","protected":false},"author":4,"featured_media":0,"parent":22,"menu_order":0,"comment_status":"closed","ping_status":"closed","template":"","meta":{"footnotes":""},"class_list":["post-874","page","type-page","status-publish","hentry"],"_links":{"self":[{"href":"https:\/\/ceskysmaragd.cz\/index.php?rest_route=\/wp\/v2\/pages\/874","targetHints":{"allow":["GET"]}}],"collection":[{"href":"https:\/\/ceskysmaragd.cz\/index.php?rest_route=\/wp\/v2\/pages"}],"about":[{"href":"https:\/\/ceskysmaragd.cz\/index.php?rest_route=\/wp\/v2\/types\/page"}],"author":[{"embeddable":true,"href":"https:\/\/ceskysmaragd.cz\/index.php?rest_route=\/wp\/v2\/users\/4"}],"replies":[{"embeddable":true,"href":"https:\/\/ceskysmaragd.cz\/index.php?rest_route=%2Fwp%2Fv2%2Fcomments&post=874"}],"version-history":[{"count":9,"href":"https:\/\/ceskysmaragd.cz\/index.php?rest_route=\/wp\/v2\/pages\/874\/revisions"}],"predecessor-version":[{"id":889,"href":"https:\/\/ceskysmaragd.cz\/index.php?rest_route=\/wp\/v2\/pages\/874\/revisions\/889"}],"up":[{"embeddable":true,"href":"https:\/\/ceskysmaragd.cz\/index.php?rest_route=\/wp\/v2\/pages\/22"}],"wp:attachment":[{"href":"https:\/\/ceskysmaragd.cz\/index.php?rest_route=%2Fwp%2Fv2%2Fmedia&parent=874"}],"curies":[{"name":"wp","href":"https:\/\/api.w.org\/{rel}","templated":true}]}}